{"id":10058,"date":"2023-05-25T10:19:40","date_gmt":"2023-05-25T10:19:40","guid":{"rendered":"https:\/\/productos.coviran.es\/?post_type=product&#038;p=10058"},"modified":"2023-08-18T14:43:12","modified_gmt":"2023-08-18T14:43:12","slug":"iogurte-liquido-ananas-coco","status":"publish","type":"product","link":"https:\/\/productos.coviran.es\/pt-pt\/producto\/iogurte-liquido-ananas-coco\/","title":{"rendered":"IOGURTE LIQUIDO ANANAS\/COCO"},"content":{"rendered":"<div class=\"wpb-content-wrapper\"><p>[vc_row][vc_column][vc_text_separator title=&#8221;Informa\u00e7\u00e3o Nutricional. Valores M\u00e9dios Por 100 g&#8221; title_align=&#8221;separator_align_left&#8221;][vc_column_text]<\/p>\n<table width=\"718\">\n<tbody>\n<tr>\n<td width=\"296\">Valores medios por \/medios por<\/td>\n<td width=\"422\">100 g<\/td>\n<\/tr>\n<tr>\n<td>Valor energ\u00e9tico \/ Energia<\/td>\n<td>278kJ \/ 66 kcal<\/td>\n<\/tr>\n<\/tbody>\n<\/table>\n<p>[\/vc_column_text][\/vc_column][\/vc_row][vc_row][vc_column css=&#8221;.vc_custom_1685008942416{margin-top: 10px !important;border-top-width: 10px !important;}&#8221;][vc_text_separator title=&#8221;Valor Energ\u00e9tico&#8221; title_align=&#8221;separator_align_left&#8221;][vc_round_chart type=&#8221;doughnut&#8221; style=&#8221;modern&#8221; stroke_width=&#8221;2&#8243; stroke_color=&#8221;grey&#8221; values=&#8221;%5B%7B%22title%22%3A%22Grasas%20%2F%20L%C3%ADpidos%20(0.9g)%22%2C%22value%22%3A%220.9%22%2C%22color%22%3A%22vista-blue%22%7D%2C%7B%22title%22%3A%22Hidratos%20de%20Carbono%20(11.7%20g)%22%2C%22value%22%3A%2211.7%22%2C%22color%22%3A%22juicy-pink%22%7D%2C%7B%22title%22%3A%22Prote%C3%ADnas%20(2.8%20g)%22%2C%22value%22%3A%222.8%22%2C%22color%22%3A%22violet%22%2C%22custom_color%22%3A%22%23555555%22%7D%2C%7B%22title%22%3A%22Sal%20(0.10%20g)%22%2C%22value%22%3A%220.10%22%2C%22color%22%3A%22sky%22%2C%22custom_color%22%3A%22%2300c1cf%22%7D%5D&#8221;][\/vc_column][\/vc_row][vc_row][vc_column][vc_text_separator title=&#8221;Ingredientes&#8221; title_align=&#8221;separator_align_left&#8221; align=&#8221;align_right&#8221; border_width=&#8221;2&#8243; el_class=&#8221;separador-producto&#8221;][vc_column_text]Leite parcialmente desnatado, a\u00e7\u00facar (8,5%), sumo de anan\u00e1s a partir de concentrado (0,8%), preparado a base de coco (0,2%) , minerais do leite, amido modificado, aroma, fermentos l\u00e1cticos (leite), vitamina D, prote\u00ednas do leite. Origem: Espanha[\/vc_column_text][\/vc_column][\/vc_row][vc_row][vc_column][vc_text_separator title=&#8221;Al\u00e9rgenos&#8221; title_align=&#8221;separator_align_left&#8221; align=&#8221;align_right&#8221; border_width=&#8221;2&#8243; el_class=&#8221;separador-producto&#8221;][vc_column_text]Cont\u00e9m leite.[\/vc_column_text][\/vc_column][\/vc_row][vc_row][vc_column][vc_text_separator title=&#8221;Dados de fabricante&#8221; title_align=&#8221;separator_align_left&#8221; align=&#8221;align_right&#8221; border_width=&#8221;2&#8243; el_class=&#8221;separador-producto&#8221;][vc_column_text]<\/p>\n<table width=\"718\">\n<tbody>\n<tr>\n<td width=\"296\">Nome do fabricante<\/td>\n<td width=\"422\">ANDROS LA SERNA S.L.U.<\/td>\n<\/tr>\n<tr>\n<td>Certificados qualidade ou informa\u00e7\u00e3o de interesse<\/td>\n<td>registo Sanitario<\/td>\n<\/tr>\n<tr>\n<td>Origem<\/td>\n<td>Espanha<\/td>\n<\/tr>\n<tr>\n<td><\/td>\n<td><\/td>\n<\/tr>\n<\/tbody>\n<\/table>\n<p>[\/vc_column_text][\/vc_column][\/vc_row][vc_row][vc_column][vc_text_separator title=&#8221;Condi\u00e7\u00f5es de conservacao&#8221; title_align=&#8221;separator_align_left&#8221; align=&#8221;align_right&#8221; border_width=&#8221;2&#8243; el_class=&#8221;separador-producto&#8221;][vc_column_text]Manter fr\u00edo entre 1 \u00baC e 8 \u00baC[\/vc_column_text][\/vc_column][\/vc_row][vc_row][vc_column css=&#8221;.vc_custom_1685009125438{margin-top: 10px !important;border-top-width: 10px !important;}&#8221;][vc_text_separator title=&#8221;Modo de emprego&#8221; title_align=&#8221;separator_align_left&#8221;][vc_column_text]Agitar antes de abrir[\/vc_column_text][\/vc_column][\/vc_row][vc_row disable_element=&#8221;yes&#8221; css=&#8221;.vc_custom_1685009018127{margin-top: 50px !important;}&#8221;][vc_column][vc_tta_accordion active_section=&#8221;3&#8243; collapsible_all=&#8221;true&#8221; title=&#8221;Otros Idiomas&#8221;][vc_tta_section title=&#8221;Secci\u00f3n 2&#8243; tab_id=&#8221;1617092355912-c554391b-267c&#8221;][\/vc_tta_section][\/vc_tta_accordion][\/vc_column][\/vc_row]<\/p>\n<\/div>","protected":false},"excerpt":{"rendered":"<p><b>O iogurte liqu\u00eddo anan\u00e1s\/coco COVIRAN<\/b><\/p>\n<p>Acorda de manha e tem pressa para sair? Agarre num iogurte liquido e pode ir a beber enquanto se despacha ou a caminho do trabalho.<\/p>\n<p>Hoje apetece-lhe preprarar um batido bom para o lanche, para recuperar for\u00e7as e para aguentar o resto da tarde. Abre o frigor\u00edfico e encontra umas bananas e morangos que estao prontos para ser comidos.<\/p>\n<p>Junta tudo no liquidificador e est\u00e1 pronto para ser consumido.<\/p>\n<p><b>Como se consegue?<\/b><\/p>\n<p><span style=\"font-weight: 400;\">Para se fazer iogurte, processa se o leite mediante um processo de pasteuriza\u00e7ao e fermentacao. Esta fermentacao produz \u00e1cido l\u00e1ctico, que \u00e9 a substancia que lhe d\u00e1 a sua conhecida textura e cremosidade.<\/span><\/p>\n<p>&nbsp;<\/p>\n<p><b>Quais sao os seus benef\u00edcios?<\/b><\/p>\n<p>O iogurte \u00e9 um alimento muito nutritivo porque \u00e9 uma das melhores fontes de c\u00e1lcio, um nutriente chave para manter a sa\u00fade dos seus ossos e dentes.<\/p>\n<p>Outros dos benef\u00edcios do iogurte \u00e9 o seu grande teor de prote\u00ednas, contribuindo para a entrada de energia no organismo. Al\u00e9m disso, as prote\u00ednas sao agentes ativos na regula\u00e7ao do apetite.<\/p>\n<p>Proporciona uma melhora da sa\u00fade digestiva e fortalece o sistema imunit\u00e1rio devido aos probi\u00f3ticos.<\/p>\n<p>Melhora a sa\u00fade cardiovascular devido \u00e0 sua alta concentra\u00e7ao de gorduras monossaturadas que contem uma dose consider\u00e1vel de colesterol &#8220;bom&#8221;.<\/p>\n<table width=\"718\">\n<tbody>\n<tr>\n<td width=\"296\">C\u00f3digo Artigo<\/td>\n<td width=\"422\">422718<\/td>\n<\/tr>\n<tr>\n<td>EAN<\/td>\n<td>5600319281319<\/td>\n<\/tr>\n<\/tbody>\n<\/table>\n","protected":false},"author":24,"featured_media":10528,"template":"","meta":[],"product_brand":[],"product_cat":[296,464],"product_tag":[],"class_list":{"0":"post-10058","1":"product","2":"type-product","3":"status-publish","4":"has-post-thumbnail","6":"product_cat-yogures-y-postres-preparados","7":"product_cat-liquidos","9":"first","10":"instock","11":"shipping-taxable","12":"product-type-simple"},"_links":{"self":[{"href":"https:\/\/productos.coviran.es\/pt-pt\/wp-json\/wp\/v2\/product\/10058","targetHints":{"allow":["GET"]}}],"collection":[{"href":"https:\/\/productos.coviran.es\/pt-pt\/wp-json\/wp\/v2\/product"}],"about":[{"href":"https:\/\/productos.coviran.es\/pt-pt\/wp-json\/wp\/v2\/types\/product"}],"author":[{"embeddable":true,"href":"https:\/\/productos.coviran.es\/pt-pt\/wp-json\/wp\/v2\/users\/24"}],"wp:featuredmedia":[{"embeddable":true,"href":"https:\/\/productos.coviran.es\/pt-pt\/wp-json\/wp\/v2\/media\/10528"}],"wp:attachment":[{"href":"https:\/\/productos.coviran.es\/pt-pt\/wp-json\/wp\/v2\/media?parent=10058"}],"wp:term":[{"taxonomy":"product_brand","embeddable":true,"href":"https:\/\/productos.coviran.es\/pt-pt\/wp-json\/wp\/v2\/product_brand?post=10058"},{"taxonomy":"product_cat","embeddable":true,"href":"https:\/\/productos.coviran.es\/pt-pt\/wp-json\/wp\/v2\/product_cat?post=10058"},{"taxonomy":"product_tag","embeddable":true,"href":"https:\/\/productos.coviran.es\/pt-pt\/wp-json\/wp\/v2\/product_tag?post=10058"}],"curies":[{"name":"wp","href":"https:\/\/api.w.org\/{rel}","templated":true}]}}