{"id":10415,"date":"2023-07-13T07:28:43","date_gmt":"2023-07-13T07:28:43","guid":{"rendered":"https:\/\/productos.coviran.es\/?post_type=product&#038;p=10415"},"modified":"2024-08-29T06:05:33","modified_gmt":"2024-08-29T06:05:33","slug":"leite-de-coco","status":"publish","type":"product","link":"https:\/\/productos.coviran.es\/pt-pt\/producto\/leite-de-coco\/","title":{"rendered":"LEITE DE COCO"},"content":{"rendered":"<div class=\"wpb-content-wrapper\"><p>[vc_row][vc_column][vc_text_separator title=&#8221;Informa\u00e7\u00e3o Nutricional. Valores M\u00e9dios Por 100 g&#8221; title_align=&#8221;separator_align_left&#8221;][vc_column_text]<\/p>\n<table width=\"718\">\n<tbody>\n<tr>\n<td width=\"296\">Valores medios por \/medios por<\/td>\n<td width=\"422\">100 ml<\/td>\n<\/tr>\n<tr>\n<td>Valor energ\u00e9tico \/ Energia<\/td>\n<td>717 kJ \/ 174 kcal<\/td>\n<\/tr>\n<\/tbody>\n<\/table>\n<p>[\/vc_column_text][\/vc_column][\/vc_row][vc_row][vc_column css=&#8221;.vc_custom_1685008942416{margin-top: 10px !important;border-top-width: 10px !important;}&#8221;][vc_text_separator title=&#8221;Valor Energ\u00e9tico&#8221; title_align=&#8221;separator_align_left&#8221;][vc_round_chart type=&#8221;doughnut&#8221; style=&#8221;modern&#8221; stroke_width=&#8221;2&#8243; stroke_color=&#8221;grey&#8221; values=&#8221;%5B%7B%22title%22%3A%22Grasas%20%2F%20L%C3%ADpidos%20(18%20g)%22%2C%22value%22%3A%2218%22%2C%22color%22%3A%22vista-blue%22%7D%2C%7B%22title%22%3A%22Hidratos%20de%20Carbono%20(2%20g)%22%2C%22value%22%3A%222%22%2C%22color%22%3A%22juicy-pink%22%7D%2C%7B%22title%22%3A%22Prote%C3%ADnas%20(1%20g)%22%2C%22value%22%3A%221%22%2C%22color%22%3A%22violet%22%2C%22custom_color%22%3A%22%23555555%22%7D%2C%7B%22title%22%3A%22Sal%20(0.07%20g)%22%2C%22value%22%3A%220.07%22%2C%22color%22%3A%22sky%22%2C%22custom_color%22%3A%22%2300c1cf%22%7D%5D&#8221;][\/vc_column][\/vc_row][vc_row][vc_column][vc_text_separator title=&#8221;Ingredientes&#8221; title_align=&#8221;separator_align_left&#8221; align=&#8221;align_right&#8221; border_width=&#8221;2&#8243; el_class=&#8221;separador-producto&#8221;][vc_column_text]Extrato de coco, \u00e1gua, estabilizadores\/estabilizantes: E466 e E412.[\/vc_column_text][\/vc_column][\/vc_row][vc_row][vc_column][vc_text_separator title=&#8221;Al\u00e9rgenos&#8221; title_align=&#8221;separator_align_left&#8221; align=&#8221;align_right&#8221; border_width=&#8221;2&#8243; el_class=&#8221;separador-producto&#8221;][vc_column_text]Sem alerg\u00e9nios.[\/vc_column_text][\/vc_column][\/vc_row][vc_row][vc_column][vc_text_separator title=&#8221;Dados de fabricante&#8221; title_align=&#8221;separator_align_left&#8221; align=&#8221;align_right&#8221; border_width=&#8221;2&#8243; el_class=&#8221;separador-producto&#8221;][vc_column_text]<\/p>\n<table width=\"718\">\n<tbody>\n<tr>\n<td width=\"296\">Nome do fabricante\/distribuidor<\/td>\n<td width=\"422\">PANEGARA II DISTRIBUI\u00c7\u00c3O LDA<\/td>\n<\/tr>\n<tr>\n<td>Certificados qualidade ou informa\u00e7\u00e3o de interesse<\/td>\n<td>Para elabora\u00e7\u00e3o de pratos de peixe, carne, acompanhamentos e sobremesas<\/td>\n<\/tr>\n<tr>\n<td>Origem<\/td>\n<td>Vietname<\/td>\n<\/tr>\n<tr>\n<td><\/td>\n<td><\/td>\n<\/tr>\n<\/tbody>\n<\/table>\n<p>[\/vc_column_text][\/vc_column][\/vc_row][vc_row][vc_column][vc_text_separator title=&#8221;Condi\u00e7\u00f5es de conserva\u00e7\u00e3o&#8221; title_align=&#8221;separator_align_left&#8221; align=&#8221;align_right&#8221; border_width=&#8221;2&#8243; el_class=&#8221;separador-producto&#8221;][vc_column_text]Conservar em local fresco e seco. Depois de aberto, conservar no frigor\u00edfico em recipiente adequado e consumir em 3 dias.[\/vc_column_text][\/vc_column][\/vc_row][vc_row][vc_column css=&#8221;.vc_custom_1685009125438{margin-top: 10px !important;border-top-width: 10px !important;}&#8221;][vc_text_separator title=&#8221;Modo de emprego&#8221; title_align=&#8221;separator_align_left&#8221;][vc_column_text]Agitar bem antes de usar. A baixas temperaturas o produto tende a solidificar.[\/vc_column_text][\/vc_column][\/vc_row][vc_row disable_element=&#8221;yes&#8221; css=&#8221;.vc_custom_1685009018127{margin-top: 50px !important;}&#8221;][vc_column][vc_tta_accordion active_section=&#8221;3&#8243; collapsible_all=&#8221;true&#8221; title=&#8221;Otros Idiomas&#8221;][vc_tta_section title=&#8221;Secci\u00f3n 1&#8243; tab_id=&#8221;1617092355815-d1684879-8c2a&#8221;][vc_column_text]<\/p>\n<table>\n<tbody>\n<tr>\n<td width=\"159\">Spanish<\/td>\n<td width=\"159\">English<\/td>\n<td width=\"160\">French<\/td>\n<td width=\"159\">Italian<\/td>\n<td width=\"164\">German<\/td>\n<td width=\"159\">Chinese<\/td>\n<\/tr>\n<tr>\n<td width=\"159\">SOPA MARAVILLA<\/td>\n<td width=\"159\">MARAVILLA NOODLE SOUP<\/td>\n<td width=\"160\">SOUPE AUX MERVEILLES<\/td>\n<td width=\"159\">PUNTINE CON POLLO E VERDURE<\/td>\n<td width=\"164\">WUNDERSUPPE<\/td>\n<td width=\"159\">\u9a6c\u62c9\u7ef4\u5229\u4e9a\u6c64\u9762<\/td>\n<\/tr>\n<\/tbody>\n<\/table>\n<table width=\"964\">\n<tbody>\n<tr>\n<td>Spanish<\/td>\n<td width=\"325\">English<\/td>\n<td width=\"314\">French<\/td>\n<\/tr>\n<tr>\n<td>SOPA<\/td>\n<td width=\"325\">MARAVILLA NOODLE<\/td>\n<td width=\"314\">SOUPE<\/td>\n<\/tr>\n<tr>\n<td>MARAVILLA<\/td>\n<td width=\"325\">SOUP<\/td>\n<td width=\"314\">AUX MERVEILLES<\/td>\n<\/tr>\n<tr>\n<td>Ingredientes:<\/td>\n<td width=\"325\">Ingredients:<\/td>\n<td width=\"314\">Ingr\u00e9dients\u00a0:<\/td>\n<\/tr>\n<tr>\n<td>Producto deshidratado:<\/td>\n<td width=\"325\">Dehydrated food:<\/td>\n<td width=\"314\">Produit d\u00e9shydrat\u00e9\u00a0:<\/td>\n<\/tr>\n<tr>\n<td>pasta alimenticia 65% (s\u00e9mola de TRIGO duro-maravilla),<\/td>\n<td width=\"325\">pasta 65% (DURUM wheat semolina &#8211; maravilla),<\/td>\n<td width=\"314\">p\u00e2te alimentaire 65% (merveilles \u00e0 la semoule de BL\u00c9 dur),<\/td>\n<\/tr>\n<tr>\n<td>sal,<\/td>\n<td width=\"325\">salt,<\/td>\n<td width=\"314\">sel,<\/td>\n<\/tr>\n<tr>\n<td>f\u00e9cula de ma\u00edz,<\/td>\n<td width=\"325\">corn starch,<\/td>\n<td width=\"314\">f\u00e9cule de ma\u00efs,<\/td>\n<\/tr>\n<tr>\n<td>potenciador del sabor (glutamato monos\u00f3dico),<\/td>\n<td width=\"325\">flavour enhancer (monosodium glutamate),<\/td>\n<td width=\"314\">exhausteur de go\u00fbt (glutamate monosodique),<\/td>\n<\/tr>\n<tr>\n<td>extracto de prote\u00ednas vegetales de SOJA,<\/td>\n<td width=\"325\">vegetable protein extract of SOY,<\/td>\n<td width=\"314\">extrait de prot\u00e9ine v\u00e9g\u00e9tale de SOJA,<\/td>\n<\/tr>\n<tr>\n<td>extracto de levadura,<\/td>\n<td width=\"325\">yeast extract,<\/td>\n<td width=\"314\">extrait de levure,<\/td>\n<\/tr>\n<tr>\n<td>grasa vegetal parcialmente hidrogenada de palma,<\/td>\n<td width=\"325\">partly hydrogenated palm oil,<\/td>\n<td width=\"314\">graisse v\u00e9g\u00e9tale de palme partiellement hydrog\u00e9n\u00e9e,<\/td>\n<\/tr>\n<tr>\n<td>aroma de carne,<\/td>\n<td width=\"325\">meat aroma,<\/td>\n<td width=\"314\">ar\u00f4me viande,<\/td>\n<\/tr>\n<tr>\n<td>aceite de oliva,<\/td>\n<td width=\"325\">olive oil,<\/td>\n<td width=\"314\">huile d\u2019olive,<\/td>\n<\/tr>\n<tr>\n<td>cebolla en polvo,<\/td>\n<td width=\"325\">powdered onion,<\/td>\n<td width=\"314\">oignon en poudre,<\/td>\n<\/tr>\n<tr>\n<td>colorante:<\/td>\n<td width=\"325\">food colouring:<\/td>\n<td width=\"314\">colorant\u00a0:<\/td>\n<\/tr>\n<tr>\n<td>caramelo E-150d,<\/td>\n<td width=\"325\">caramel E-150d,<\/td>\n<td width=\"314\">caramel E-150d,<\/td>\n<\/tr>\n<tr>\n<td>especias (c\u00farcuma).<\/td>\n<td width=\"325\">spices (turmeric).<\/td>\n<td width=\"314\">\u00e9pices (curcuma).<\/td>\n<\/tr>\n<tr>\n<td>INFORMACI\u00d3N AL\u00c9RGENOS<\/td>\n<td width=\"325\">ALLERGY INFORMATION<\/td>\n<td width=\"314\">INFORMATIONS ALLERG\u00c8NES<\/td>\n<\/tr>\n<tr>\n<td>Contiene gluten y soja.<\/td>\n<td width=\"325\">Contains gluten and soy.<\/td>\n<td width=\"314\">Contient du gluten et du soja.<\/td>\n<\/tr>\n<tr>\n<td>Puede contener trazas de leche,<\/td>\n<td width=\"325\">May contain milk,<\/td>\n<td width=\"314\">Peut contenir des traces de lait,<\/td>\n<\/tr>\n<tr>\n<td>crust\u00e1ceos y pescado.<\/td>\n<td width=\"325\">shellfish and fish traces.<\/td>\n<td width=\"314\">de crustac\u00e9s et de poisson.<\/td>\n<\/tr>\n<tr>\n<td>Consumir preferentemente antes del fin de\/Lote:<\/td>\n<td width=\"325\">Best before end\/Batch:<\/td>\n<td width=\"314\">\u00c0 consommer de pr\u00e9f\u00e9rence avant fin\/lot\u00a0:<\/td>\n<\/tr>\n<tr>\n<td>ver lateral.<\/td>\n<td width=\"325\">see side.<\/td>\n<td width=\"314\">voir sur le c\u00f4t\u00e9.<\/td>\n<\/tr>\n<tr>\n<td>Conservar en un lugar fresco y seco<\/td>\n<td width=\"325\">Store in a cool, dry place.<\/td>\n<td width=\"314\">Conserver dans un endroit frais et sec<\/td>\n<\/tr>\n<tr>\n<td>PESO NETO<\/td>\n<td width=\"325\">NET WEIGHT<\/td>\n<td width=\"314\">POIDS NET<\/td>\n<\/tr>\n<tr>\n<td>INFORMACI\u00d3N NUTRICIONAL<\/td>\n<td width=\"325\">NUTRITIONAL INFORMATION<\/td>\n<td width=\"314\">INFORMATION NUTRITIONNELLE<\/td>\n<\/tr>\n<tr>\n<td>Valores medios por:<\/td>\n<td width=\"325\">Average values for:<\/td>\n<td width=\"314\">Valeurs moyennes pour\u00a0:<\/td>\n<\/tr>\n<tr>\n<td>Valor energ\u00e9tico<\/td>\n<td width=\"325\">Energy<\/td>\n<td width=\"314\">Valeur \u00e9nerg\u00e9tique<\/td>\n<\/tr>\n<tr>\n<td>Grasas<\/td>\n<td width=\"325\">Fat<\/td>\n<td width=\"314\">Graisses<\/td>\n<\/tr>\n<tr>\n<td>de las cuales<\/td>\n<td width=\"325\">of which<\/td>\n<td width=\"314\">dont<\/td>\n<\/tr>\n<tr>\n<td>Saturadas<\/td>\n<td width=\"325\">Saturated<\/td>\n<td width=\"314\">Satur\u00e9es<\/td>\n<\/tr>\n<tr>\n<td>Hidratos de carbono<\/td>\n<td width=\"325\">Carbohydrate<\/td>\n<td width=\"314\">Glucides<\/td>\n<\/tr>\n<tr>\n<td>de los cuales<\/td>\n<td width=\"325\">of which<\/td>\n<td width=\"314\">dont<\/td>\n<\/tr>\n<tr>\n<td>Az\u00facares<\/td>\n<td width=\"325\">Sugars<\/td>\n<td width=\"314\">Sucres<\/td>\n<\/tr>\n<tr>\n<td>Prote\u00ednas<\/td>\n<td width=\"325\">Protein<\/td>\n<td width=\"314\">Prot\u00e9ines<\/td>\n<\/tr>\n<tr>\n<td>Sal<\/td>\n<td width=\"325\">Salt<\/td>\n<td width=\"314\">Sel<\/td>\n<\/tr>\n<tr>\n<td>Verter el contenido de este envase en un litro de agua,<\/td>\n<td width=\"325\">Empty the contents of this packet into a litre of water.<\/td>\n<td width=\"314\">Verser le contenu de ce sachet dans un litre d\u2019eau,<\/td>\n<\/tr>\n<tr>\n<td>dejar cocer a fuego lento durante 15 minutos,<\/td>\n<td width=\"325\">simmer over low heat for 15 minutes,<\/td>\n<td width=\"314\">laisser mijoter pendant 15 minutes,<\/td>\n<\/tr>\n<tr>\n<td>removiendo de vez en cuando<\/td>\n<td width=\"325\">stirring occasionally<\/td>\n<td width=\"314\">en remuant de temps en temps<\/td>\n<\/tr>\n<tr>\n<td>Fabricado y envasado por:<\/td>\n<td width=\"325\">Made and packed by:<\/td>\n<td width=\"314\">Fabriqu\u00e9 et conditionn\u00e9 par\u00a0:<\/td>\n<\/tr>\n<tr>\n<td>CALDOS DEL NORTE, S.L<\/td>\n<td width=\"325\">CALDOS DEL NORTE, S.L<\/td>\n<td width=\"314\">CALDOS DEL NORTE, S.L<\/td>\n<\/tr>\n<tr>\n<td>C\/Alfoz de Bricia, 97<\/td>\n<td width=\"325\">C\/Alfoz de Bricia, 97<\/td>\n<td width=\"314\">C\/Alfoz de Bricia, 97<\/td>\n<\/tr>\n<tr>\n<td>Pol. Ind. Vlllalonquejar<\/td>\n<td width=\"325\">Pol. Ind. Vlllalonquejar<\/td>\n<td width=\"314\">Pol. Ind. Vlllalonquejar<\/td>\n<\/tr>\n<tr>\n<td>09001 Burgos (ESPA\u00d1A)<\/td>\n<td width=\"325\">09001 Burgos (SPAIN)<\/td>\n<td width=\"314\">09001 Burgos (ESPAGNE)<\/td>\n<\/tr>\n<tr>\n<td>ATENCI\u00d3N AL CLIENTE<\/td>\n<td width=\"325\">CUSTOMER SERVICE<\/td>\n<td width=\"314\">SERVICE CLIENT<\/td>\n<\/tr>\n<tr>\n<td>Sugerencia de presentaci\u00f3n<\/td>\n<td width=\"325\">Serving suggestion<\/td>\n<td width=\"314\">Suggestion de pr\u00e9sentation<\/td>\n<\/tr>\n<\/tbody>\n<\/table>\n<p>[\/vc_column_text][\/vc_tta_section][vc_tta_section title=&#8221;Secci\u00f3n 2&#8243; tab_id=&#8221;1617092355912-c554391b-267c&#8221;][\/vc_tta_section][\/vc_tta_accordion][\/vc_column][\/vc_row]<\/p>\n<\/div>","protected":false},"excerpt":{"rendered":"<p>&nbsp;<\/p>\n<table width=\"718\">\n<tbody>\n<tr>\n<td width=\"296\">C\u00f3digo Artigo<\/td>\n<td width=\"422\">612459<\/td>\n<\/tr>\n<tr>\n<td>EAN<\/td>\n<td>5600319280831<\/td>\n<\/tr>\n<\/tbody>\n<\/table>\n","protected":false},"author":24,"featured_media":12444,"template":"","meta":[],"product_brand":[],"product_cat":[249],"product_tag":[],"class_list":{"0":"post-10415","1":"product","2":"type-product","3":"status-publish","4":"has-post-thumbnail","6":"product_cat-leches","8":"first","9":"instock","10":"shipping-taxable","11":"product-type-simple"},"_links":{"self":[{"href":"https:\/\/productos.coviran.es\/pt-pt\/wp-json\/wp\/v2\/product\/10415","targetHints":{"allow":["GET"]}}],"collection":[{"href":"https:\/\/productos.coviran.es\/pt-pt\/wp-json\/wp\/v2\/product"}],"about":[{"href":"https:\/\/productos.coviran.es\/pt-pt\/wp-json\/wp\/v2\/types\/product"}],"author":[{"embeddable":true,"href":"https:\/\/productos.coviran.es\/pt-pt\/wp-json\/wp\/v2\/users\/24"}],"wp:featuredmedia":[{"embeddable":true,"href":"https:\/\/productos.coviran.es\/pt-pt\/wp-json\/wp\/v2\/media\/12444"}],"wp:attachment":[{"href":"https:\/\/productos.coviran.es\/pt-pt\/wp-json\/wp\/v2\/media?parent=10415"}],"wp:term":[{"taxonomy":"product_brand","embeddable":true,"href":"https:\/\/productos.coviran.es\/pt-pt\/wp-json\/wp\/v2\/product_brand?post=10415"},{"taxonomy":"product_cat","embeddable":true,"href":"https:\/\/productos.coviran.es\/pt-pt\/wp-json\/wp\/v2\/product_cat?post=10415"},{"taxonomy":"product_tag","embeddable":true,"href":"https:\/\/productos.coviran.es\/pt-pt\/wp-json\/wp\/v2\/product_tag?post=10415"}],"curies":[{"name":"wp","href":"https:\/\/api.w.org\/{rel}","templated":true}]}}