{"id":6111,"date":"2022-01-13T14:36:12","date_gmt":"2022-01-13T14:36:12","guid":{"rendered":"https:\/\/productos.coviran.es\/?post_type=product&#038;p=6111"},"modified":"2022-01-13T14:36:12","modified_gmt":"2022-01-13T14:36:12","slug":"leite-magro-sem-lactose-coviran-brik-1-l-2","status":"publish","type":"product","link":"https:\/\/productos.coviran.es\/pt-pt\/producto\/leite-magro-sem-lactose-coviran-brik-1-l-2\/","title":{"rendered":"Leite Magro Sem Lactose Coviran Brik 1 L"},"content":{"rendered":"<div class=\"wpb-content-wrapper\"><p>[vc_row][vc_column][vc_text_separator title=&#8221;Descri\u00e7\u00e3o e Caracter\u00edsticas&#8221; title_align=&#8221;separator_align_left&#8221;][vc_column_text]Mant\u00e9m todas as propriedades do leite e \u00e9 melhor digerido, \u00e9 um leite especialmente indicado para pessoas com problemas de intoler\u00e2ncia \u00e0 lactose e baixo teor de gordura. \u00c9 um leite modificado ao qual \u00e9 adicionado lactase, a enzima que quebra a lactose em seus dois a\u00e7\u00facares simples constituintes, glicose e galactose.[\/vc_column_text][\/vc_column][\/vc_row][vc_row][vc_column][vc_text_separator title=&#8221;Informac\u00e3o Nutricional. Valores M\u00e9dios Por 100 g&#8221; title_align=&#8221;separator_align_left&#8221;][vc_column_text]<\/p>\n<table width=\"718\">\n<tbody>\n<tr>\n<td width=\"296\">Valores medios por \/medios por<\/td>\n<td width=\"422\">100 g\/100ml<\/td>\n<\/tr>\n<tr>\n<td>Valor energ\u00e9tico \/ Energ\u00eda<\/td>\n<td>145kJ \/ 34kcal<\/td>\n<\/tr>\n<\/tbody>\n<\/table>\n<p>[\/vc_column_text][\/vc_column][\/vc_row][vc_row][vc_column][vc_round_chart type=&#8221;doughnut&#8221; style=&#8221;modern&#8221; stroke_width=&#8221;2&#8243; stroke_color=&#8221;grey&#8221; values=&#8221;%5B%7B%22title%22%3A%22Grasas%20%2F%20L%C3%ADpidos%20(%200.3%20g)%22%2C%22value%22%3A%220.3%22%2C%22color%22%3A%22vista-blue%22%7D%2C%7B%22title%22%3A%22Hidratos%20de%20Carbono%20(4.7%20g)%22%2C%22value%22%3A%224.7%22%2C%22color%22%3A%22juicy-pink%22%7D%2C%7B%22title%22%3A%22Sal%20(0.05%20g)%22%2C%22value%22%3A%220.05%22%2C%22color%22%3A%22sky%22%2C%22custom_color%22%3A%22%2300c1cf%22%7D%2C%7B%22title%22%3A%22Prote%C3%ADnas%20(3.2%20g)%22%2C%22value%22%3A%223.2%22%2C%22color%22%3A%22pink%22%2C%22custom_color%22%3A%22%23ff675b%22%7D%5D&#8221; title=&#8221;Valor energ\u00e9tico&#8221;][\/vc_column][\/vc_row][vc_row][vc_column][vc_text_separator title=&#8221;Ingredientes&#8221; title_align=&#8221;separator_align_left&#8221; align=&#8221;align_right&#8221; border_width=&#8221;2&#8243; el_class=&#8221;separador-producto&#8221;][vc_column_text]Leite magro, enzima lactase e vitaminas E, A, B9 (acido f\u00f3lico) e D[\/vc_column_text][\/vc_column][\/vc_row][vc_row][vc_column][vc_text_separator title=&#8221;Al\u00e9rgenos&#8221; title_align=&#8221;separator_align_left&#8221; align=&#8221;align_right&#8221; border_width=&#8221;2&#8243; el_class=&#8221;separador-producto&#8221;][vc_column_text]Cont\u00e9m LEITE.[\/vc_column_text][\/vc_column][\/vc_row][vc_row][vc_column][vc_text_separator title=&#8221;Dados de fabricante&#8221; title_align=&#8221;separator_align_left&#8221; align=&#8221;align_right&#8221; border_width=&#8221;2&#8243; el_class=&#8221;separador-producto&#8221;][vc_column_text]<\/p>\n<table width=\"718\">\n<tbody>\n<tr>\n<td width=\"296\">Nome do fabricante<\/td>\n<td width=\"422\">Lactalis Puleva, S.L.<\/td>\n<\/tr>\n<tr>\n<td>Certificados qualidade ou informa\u00e7\u00e3o de interesse<\/td>\n<td>ISO, IFS, FSSC-22000<\/td>\n<\/tr>\n<tr>\n<td>Origem<\/td>\n<td>ESPA\u00d1A<\/td>\n<\/tr>\n<tr>\n<td>Informaci\u00f3n nutricional valorada<\/td>\n<td>B<\/td>\n<\/tr>\n<\/tbody>\n<\/table>\n<p>[\/vc_column_text][\/vc_column][\/vc_row][vc_row][vc_column][vc_text_separator title=&#8221;Condi\u00e7\u00f5es de conserva\u00e7\u00e3o&#8221; title_align=&#8221;separator_align_left&#8221; align=&#8221;align_right&#8221; border_width=&#8221;2&#8243; el_class=&#8221;separador-producto&#8221;][vc_column_text]Lugar seco e fresco. Frigor\u00edfico entre 1-6 \u00baC, n\u00e3o congelar[\/vc_column_text][\/vc_column][\/vc_row][vc_row css=&#8221;.vc_custom_1617095259005{margin-top: 50px !important;}&#8221;][vc_column][vc_tta_accordion active_section=&#8221;3&#8243; collapsible_all=&#8221;true&#8221; title=&#8221;Otros Idiomas&#8221;][vc_tta_section title=&#8221;Secci\u00f3n 1&#8243; tab_id=&#8221;1617095251012-cc163a1e-b71e&#8221;][vc_column_text]<\/p>\n<table>\n<tbody>\n<tr>\n<td width=\"387\">Espa\u00f1ol<\/td>\n<td width=\"359\">Ingl\u00e9s<\/td>\n<td width=\"213\">Franc\u00e9s<\/td>\n<\/tr>\n<tr>\n<td width=\"387\">Consumir preferentemente antes del \/ Lote<\/td>\n<td width=\"359\">Best before end\/Batch<\/td>\n<td width=\"213\">\u00c0 consommer de pr\u00e9f\u00e9rence avant\/Lot<\/td>\n<\/tr>\n<tr>\n<td width=\"387\">LECHE<\/td>\n<td width=\"359\">MILK<\/td>\n<td width=\"213\">LAIT<\/td>\n<\/tr>\n<tr>\n<td width=\"387\">SIN LACTOSA<\/td>\n<td width=\"359\">LACTOSE-FREE<\/td>\n<td width=\"213\">SANS LACTOSE<\/td>\n<\/tr>\n<tr>\n<td width=\"387\">DESNATADA<\/td>\n<td width=\"359\">SKIMMED<\/td>\n<td width=\"213\">\u00c9CR\u00c9M\u00c9<\/td>\n<\/tr>\n<tr>\n<td width=\"387\">UHT 1L<\/td>\n<td width=\"359\">UHT 1L<\/td>\n<td width=\"213\">UHT 1L<\/td>\n<\/tr>\n<tr>\n<td width=\"387\">LECHE DESNATADA SIN LACTOSA ENRIQUECIDA EN VITAMINAS A,D,E Y \u00c1CIDO F\u00d3LICO UHT<\/td>\n<td width=\"359\">SKIMMED LACTOSE-FREE MILK ENRICHED WITH VITAMINS A, D, E AND FOLIC ACID UHT<\/td>\n<td width=\"213\">LAIT \u00c9CR\u00c9M\u00c9 SANS LACTOSE, ENRICHI EN VITAMINES A, D, E ET EN ACIDE FOLIQUE UHT<\/td>\n<\/tr>\n<tr>\n<td width=\"387\">INGREDIENTES<\/td>\n<td width=\"359\">INGREDIENTS<\/td>\n<td width=\"213\">INGR\u00c9DIENTS<\/td>\n<\/tr>\n<tr>\n<td width=\"387\">LECHE desnatada,<\/td>\n<td width=\"359\">Skimmed MILK<\/td>\n<td width=\"213\">LAIT \u00e9cr\u00e9m\u00e9,<\/td>\n<\/tr>\n<tr>\n<td width=\"387\">enzima lactasa<\/td>\n<td width=\"359\">lactase enzyme<\/td>\n<td width=\"213\">enzyme lactase<\/td>\n<\/tr>\n<tr>\n<td width=\"387\">y vitaminas A, D, E, \u00c1cido F\u00f3lico.<\/td>\n<td width=\"359\">and vitamins A, D, E, Folic Acid.<\/td>\n<td width=\"213\">et vitamines A, D, E, acide folique.<\/td>\n<\/tr>\n<tr>\n<td width=\"387\">Origen de la leche:<\/td>\n<td width=\"359\">Milk produced in:<\/td>\n<td width=\"213\">Origine du lait\u00a0:<\/td>\n<\/tr>\n<tr>\n<td width=\"387\">Espa\u00f1a.<\/td>\n<td width=\"359\">Spain.<\/td>\n<td width=\"213\">Espagne.<\/td>\n<\/tr>\n<tr>\n<td width=\"387\">INFORMACI\u00d3N NUTRICIONAL<\/td>\n<td width=\"359\">NUTRITIONAL INFORMATION<\/td>\n<td width=\"213\">INFORMATION NUTRITIONNELLE<\/td>\n<\/tr>\n<tr>\n<td width=\"387\">Valores medios por<\/td>\n<td width=\"359\">Average values by<\/td>\n<td width=\"213\">Valeurs moyennes pour<\/td>\n<\/tr>\n<tr>\n<td width=\"387\">Grasas<\/td>\n<td width=\"359\">Fat<\/td>\n<td width=\"213\">Mati\u00e8res grasses<\/td>\n<\/tr>\n<tr>\n<td width=\"387\">De las cuales saturadas<\/td>\n<td width=\"359\">Of which saturates<\/td>\n<td width=\"213\">Dont satur\u00e9es<\/td>\n<\/tr>\n<tr>\n<td width=\"387\">Hidratos de carbono<\/td>\n<td width=\"359\">Carbohydrate<\/td>\n<td width=\"213\">Glucides<\/td>\n<\/tr>\n<tr>\n<td width=\"387\">De los cuales az\u00facares<\/td>\n<td width=\"359\">Of which sugars<\/td>\n<td width=\"213\">Dont sucres<\/td>\n<\/tr>\n<tr>\n<td width=\"387\">Prote\u00ednas<\/td>\n<td width=\"359\">Protein<\/td>\n<td width=\"213\">Prot\u00e9ines<\/td>\n<\/tr>\n<tr>\n<td width=\"387\">Sal<\/td>\n<td width=\"359\">Salt<\/td>\n<td width=\"213\">Sel<\/td>\n<\/tr>\n<tr>\n<td width=\"387\">Vitamina A<\/td>\n<td width=\"359\">Vitamin A<\/td>\n<td width=\"213\">Vitamine A<\/td>\n<\/tr>\n<tr>\n<td width=\"387\">Vitamina D<\/td>\n<td width=\"359\">Vitamin D<\/td>\n<td width=\"213\">Vitamine D<\/td>\n<\/tr>\n<tr>\n<td width=\"387\">Vitamina E<\/td>\n<td width=\"359\">Vitamin E<\/td>\n<td width=\"213\">Vitamine E<\/td>\n<\/tr>\n<tr>\n<td width=\"387\">Vitamina B9<\/td>\n<td width=\"359\">Vitamin B9<\/td>\n<td width=\"213\">Vitamine B9<\/td>\n<\/tr>\n<tr>\n<td width=\"387\">(\u00c1c. f\u00f3lico)<\/td>\n<td width=\"359\">(Folic Acid)<\/td>\n<td width=\"213\">(Ac. folique)<\/td>\n<\/tr>\n<tr>\n<td width=\"387\">Calcio<\/td>\n<td width=\"359\">Calcium<\/td>\n<td width=\"213\">Calcium<\/td>\n<\/tr>\n<tr>\n<td width=\"387\">Lactosa<\/td>\n<td width=\"359\">Lactose<\/td>\n<td width=\"213\">Lactose<\/td>\n<\/tr>\n<tr>\n<td width=\"387\">15% VRN*<\/td>\n<td width=\"359\">15% NRV*<\/td>\n<td width=\"213\">15\u00a0% VNR*<\/td>\n<\/tr>\n<tr>\n<td width=\"387\">VRN:<\/td>\n<td width=\"359\">NRV:<\/td>\n<td width=\"213\">VNR\u00a0:<\/td>\n<\/tr>\n<tr>\n<td width=\"387\">Valores de referencia de nutrientes.<\/td>\n<td width=\"359\">Nutrient Reference Value<\/td>\n<td width=\"213\">Valeur nutritionnelle de r\u00e9f\u00e9rence.<\/td>\n<\/tr>\n<tr>\n<td width=\"387\">Este envase contiene aproximadamente 4 porciones de 250ml.<\/td>\n<td width=\"359\">This package contains approximately 4 portions of 250ml<\/td>\n<td width=\"213\">Le pr\u00e9sent pack contient environ 4\u00a0portions de 250\u00a0ml.<\/td>\n<\/tr>\n<tr>\n<td width=\"387\">UHT 1L<\/td>\n<td width=\"359\">UHT 1L<\/td>\n<td width=\"213\">UHT 1L<\/td>\n<\/tr>\n<tr>\n<td width=\"387\">CONSERVACI\u00d3N<\/td>\n<td width=\"359\">STORAGE<\/td>\n<td width=\"213\">CONSERVATION<\/td>\n<\/tr>\n<tr>\n<td width=\"387\">Conservar en lugar fresco y seco.<\/td>\n<td width=\"359\">Store in a cool, dry place.<\/td>\n<td width=\"213\">Conserver dans un endroit frais et sec.<\/td>\n<\/tr>\n<tr>\n<td width=\"387\">Una vez abierto conservar en el frigor\u00edfico y consumir en 2-3 d\u00edas.<\/td>\n<td width=\"359\">Once opened, keep refrigerated and consume within 2-3 days.<\/td>\n<td width=\"213\">Apr\u00e8s ouverture, conserver au r\u00e9frig\u00e9rateur et consommer de pr\u00e9f\u00e9rence dans les 2 ou 3\u00a0jours.<\/td>\n<\/tr>\n<tr>\n<td width=\"387\">Consumir preferentemente antes del\/Lote:<\/td>\n<td width=\"359\">Best before end\/Batch:<\/td>\n<td width=\"213\">\u00c0 consommer de pr\u00e9f\u00e9rence avant\/Lot\u00a0:<\/td>\n<\/tr>\n<tr>\n<td width=\"387\">ver parte superior del envase.<\/td>\n<td width=\"359\">see top of packaging.<\/td>\n<td width=\"213\">voir la partie sup\u00e9rieure de l\u2019emballage.<\/td>\n<\/tr>\n<tr>\n<td width=\"387\">Fabricado y envasado por<\/td>\n<td width=\"359\">Made and packaged by<\/td>\n<td width=\"213\">Fabriqu\u00e9 et conditionn\u00e9 par<\/td>\n<\/tr>\n<tr>\n<td width=\"387\">N\u00ba RGSEAA (ver parte superior del envase)<\/td>\n<td width=\"359\">RGSEAA No. (See top of packaging)<\/td>\n<td width=\"213\">N\u00ba RGSEAA (voir la partie sup\u00e9rieure de l\u2019emballage)<\/td>\n<\/tr>\n<tr>\n<td width=\"387\">Para:<\/td>\n<td width=\"359\">For:<\/td>\n<td width=\"213\">Pour\u00a0:<\/td>\n<\/tr>\n<tr>\n<td width=\"387\">COVIRAN S.C.A.<\/td>\n<td width=\"359\">COVIRAN S.C.A.<\/td>\n<td width=\"213\">COVIRAN S.C.A.<\/td>\n<\/tr>\n<tr>\n<td width=\"387\">Ctra.<\/td>\n<td width=\"359\">Ctra.<\/td>\n<td width=\"213\">Ctra.<\/td>\n<\/tr>\n<tr>\n<td width=\"387\">Nac.<\/td>\n<td width=\"359\">Nac.<\/td>\n<td width=\"213\">Nat.<\/td>\n<\/tr>\n<tr>\n<td width=\"387\">432, km 431<\/td>\n<td width=\"359\">432, km 431<\/td>\n<td width=\"213\">432, km 431<\/td>\n<\/tr>\n<tr>\n<td width=\"387\">18230 Atarfe (Granada)<\/td>\n<td width=\"359\">18230 Atarfe (Granada)<\/td>\n<td width=\"213\">18230 Atarfe (Grenade)<\/td>\n<\/tr>\n<tr>\n<td width=\"387\">MIXTO<\/td>\n<td width=\"359\">MIXED<\/td>\n<td width=\"213\">MIXTO<\/td>\n<\/tr>\n<tr>\n<td width=\"387\">Cart\u00f3n procedente de fuentes responsables<\/td>\n<td width=\"359\">Carton obtained from responsible sources<\/td>\n<td width=\"213\">Carton provenant de sources responsables<\/td>\n<\/tr>\n<tr>\n<td width=\"387\">Recomendado por ADILAC<\/td>\n<td width=\"359\">Recommended by ADILAC<\/td>\n<td width=\"213\">Recommand\u00e9 PAR ADILAC<\/td>\n<\/tr>\n<tr>\n<td width=\"387\">Contenedor amarillo<\/td>\n<td width=\"359\">Yellow container<\/td>\n<td width=\"213\">Poubelle jaune<\/td>\n<\/tr>\n<\/tbody>\n<\/table>\n<p>&nbsp;<\/p>\n<table>\n<tbody>\n<tr>\n<td width=\"160\">Espa\u00f1ol<\/td>\n<td width=\"160\">Ingl\u00e9s<\/td>\n<td width=\"160\">Franc\u00e9s<\/td>\n<td width=\"160\">Italiano<\/td>\n<td width=\"160\">Alem\u00e1n<\/td>\n<td width=\"160\">Chino<\/td>\n<\/tr>\n<tr>\n<td width=\"160\">LECHE DESNATADA SIN LACTOSA<\/p>\n<p>ENRIQUECIDA EN VITAMINAS A,D,E Y<\/p>\n<p>\u00c1CIDO F\u00d3LICO UHT<\/td>\n<td width=\"160\">SKIMMED LACTOSE-FREE MILK ENRICHED WITH VITAMINS A, D, E ANDFOLIC ACID UHT<\/td>\n<td width=\"160\">LAIT \u00c9CR\u00c9M\u00c9 SANS LACTOSE, ENRICHI EN VITAMINES A, D, E ET EN ACIDE FOLIQUE UHT<\/p>\n<p>&nbsp;<\/td>\n<td width=\"160\">LATTE SCREMATO SENZA LATTOSIO<br \/>\nRICCO DI VITAMINE A, D, E ED<br \/>\nACIDO FOLICO UHT<\/td>\n<td width=\"160\">MIT VITAMIN A, D, E UND FOLS\u00c4URE ANGEREICHERTE LAKTOSEFREIE UHT MAGERMILCH<\/td>\n<td width=\"160\">\u5e38\u6e29\u8131\u8102\u65e0\u4e73\u7cd6\u5976<\/p>\n<p>\u5bcc\u542b\u7ef4\u4ed6\u547d A, D, E \u4ee5\u53ca\u53f6\u9178<\/td>\n<\/tr>\n<\/tbody>\n<\/table>\n<p>[\/vc_column_text][\/vc_tta_section][vc_tta_section title=&#8221;Secci\u00f3n 2&#8243; tab_id=&#8221;1617095251064-6d4e039c-01fa&#8221;][\/vc_tta_section][\/vc_tta_accordion][\/vc_column][\/vc_row]<\/p>\n<\/div>","protected":false},"excerpt":{"rendered":"<p><iframe title=\"YouTube video player\" src=\"https:\/\/www.youtube.com\/embed\/pCTv7b9i4iU\" width=\"560\" height=\"315\" frameborder=\"0\" allowfullscreen=\"allowfullscreen\"><\/iframe><\/p>\n<table width=\"718\">\n<tbody>\n<tr>\n<td width=\"296\">C\u00f3digo Art\u00edculo<\/td>\n<td width=\"422\">420048<\/td>\n<\/tr>\n<tr>\n<td>EAN<\/td>\n<td>8422823200481<\/td>\n<\/tr>\n<\/tbody>\n<\/table>\n<p><strong>Beba o seu copo de leite sem medo pelo seu intestino<\/strong><\/p>\n<p>O leite sem lactose \u00e9 especialmente indicado para pessoas com intoler\u00e2ncia \u00e0 lactose e outras dificuldades de digest\u00e3o do leite natural. Na nossa gama de leites sem lactose temos as variedades: gordo, meio gordo e magro.<\/p>\n<p>Se tem problemas digestivos e n\u00e3o quer abrir m\u00e3o dos nutrientes e muitos benef\u00edcios do leite, escolha o seu e aproveite.<\/p>\n<p><strong>N\u00e3o retir\u00e1mos nada do leite sem lactose, adicionamos lactase<\/strong><\/p>\n<p>O segredo do leite sem lactose \u00e9 a lactase. Na realidade, o leite sem lactose n\u00e3o tira nada, por isso ainda \u00e9 uma \u00f3tima fonte de c\u00e1lcio, vitamina D, hidratos de carbono, prote\u00ednas e gordura.<\/p>\n<p>Ent\u00e3o, o que \u00e9 o leite sem lactose? A lactose \u00e9 o a\u00e7\u00facar natural do leite, pessoas intolerantes \u00e0 lactose n\u00e3o podem assimilar esse elemento porque seu intestino n\u00e3o produz lactase suficiente. A lactase \u00e9 uma enzima que quebra a lactase em a\u00e7\u00facares simples, que s\u00e3o digeridos pelo corpo.<\/p>\n<p>Para criar leite sem lactose, o que fazemos \u00e9 adicionar lactase ao leite natural. Assim, pessoas intolerantes podem compensar a falta dessa enzima, com a adicionada ao leite, e desfrutar de seus benef\u00edcios imbat\u00edveis.<\/p>\n<p><strong>Gordura saturada reduzida ao m\u00ednimo<\/strong><\/p>\n<p>O leite magro cont\u00e9m apenas 0,3g de gordura e l\u00edpidos por 100g, \u00e9 o mais leve de nossas variedades sem lactose.<\/p>\n<p>N\u00e3o se esque\u00e7a que n\u00e3o deve eliminar completamente a lactose da sua dieta, especialmente se n\u00e3o foi diagnosticado com intoler\u00e2ncia \u00e0 lactose.<\/p>\n<p><img fetchpriority=\"high\" decoding=\"async\" class=\"alignnone wp-image-5730 size-large\" src=\"https:\/\/productos.coviran.es\/wp-content\/uploads\/2021\/03\/420048-Leche-Desnatada-1024x1024.png\" alt=\"\" width=\"1024\" height=\"1024\" srcset=\"https:\/\/productos.coviran.es\/wp-content\/uploads\/2021\/03\/420048-Leche-Desnatada-1024x1024.png 1024w, https:\/\/productos.coviran.es\/wp-content\/uploads\/2021\/03\/420048-Leche-Desnatada-800x800.png 800w, https:\/\/productos.coviran.es\/wp-content\/uploads\/2021\/03\/420048-Leche-Desnatada-300x300.png 300w, https:\/\/productos.coviran.es\/wp-content\/uploads\/2021\/03\/420048-Leche-Desnatada-150x150.png 150w, https:\/\/productos.coviran.es\/wp-content\/uploads\/2021\/03\/420048-Leche-Desnatada-768x768.png 768w, https:\/\/productos.coviran.es\/wp-content\/uploads\/2021\/03\/420048-Leche-Desnatada-146x146.png 146w, https:\/\/productos.coviran.es\/wp-content\/uploads\/2021\/03\/420048-Leche-Desnatada-50x50.png 50w, https:\/\/productos.coviran.es\/wp-content\/uploads\/2021\/03\/420048-Leche-Desnatada-75x75.png 75w, https:\/\/productos.coviran.es\/wp-content\/uploads\/2021\/03\/420048-Leche-Desnatada-85x85.png 85w, https:\/\/productos.coviran.es\/wp-content\/uploads\/2021\/03\/420048-Leche-Desnatada-80x80.png 80w, https:\/\/productos.coviran.es\/wp-content\/uploads\/2021\/03\/420048-Leche-Desnatada.png 1200w\" sizes=\"(max-width:767px) 480px, (max-width:1024px) 100vw, 1024px\" \/><\/p>\n","protected":false},"author":1,"featured_media":9201,"template":"","meta":[],"product_brand":[],"product_cat":[249,262],"product_tag":[],"class_list":{"0":"post-6111","1":"product","2":"type-product","3":"status-publish","4":"has-post-thumbnail","6":"product_cat-leches","7":"product_cat-salud","9":"first","10":"instock","11":"shipping-taxable","12":"product-type-simple"},"_links":{"self":[{"href":"https:\/\/productos.coviran.es\/pt-pt\/wp-json\/wp\/v2\/product\/6111","targetHints":{"allow":["GET"]}}],"collection":[{"href":"https:\/\/productos.coviran.es\/pt-pt\/wp-json\/wp\/v2\/product"}],"about":[{"href":"https:\/\/productos.coviran.es\/pt-pt\/wp-json\/wp\/v2\/types\/product"}],"author":[{"embeddable":true,"href":"https:\/\/productos.coviran.es\/pt-pt\/wp-json\/wp\/v2\/users\/1"}],"wp:featuredmedia":[{"embeddable":true,"href":"https:\/\/productos.coviran.es\/pt-pt\/wp-json\/wp\/v2\/media\/9201"}],"wp:attachment":[{"href":"https:\/\/productos.coviran.es\/pt-pt\/wp-json\/wp\/v2\/media?parent=6111"}],"wp:term":[{"taxonomy":"product_brand","embeddable":true,"href":"https:\/\/productos.coviran.es\/pt-pt\/wp-json\/wp\/v2\/product_brand?post=6111"},{"taxonomy":"product_cat","embeddable":true,"href":"https:\/\/productos.coviran.es\/pt-pt\/wp-json\/wp\/v2\/product_cat?post=6111"},{"taxonomy":"product_tag","embeddable":true,"href":"https:\/\/productos.coviran.es\/pt-pt\/wp-json\/wp\/v2\/product_tag?post=6111"}],"curies":[{"name":"wp","href":"https:\/\/api.w.org\/{rel}","templated":true}]}}