{"id":6112,"date":"2022-01-13T14:40:10","date_gmt":"2022-01-13T14:40:10","guid":{"rendered":"https:\/\/productos.coviran.es\/?post_type=product&#038;p=6112"},"modified":"2022-01-13T14:40:10","modified_gmt":"2022-01-13T14:40:10","slug":"leite-m-gordo-sem-lactose-coviran-brik-1-l-2","status":"publish","type":"product","link":"https:\/\/productos.coviran.es\/pt-pt\/producto\/leite-m-gordo-sem-lactose-coviran-brik-1-l-2\/","title":{"rendered":"Leite M\/Gordo Sem Lactose Coviran Brik 1 L"},"content":{"rendered":"<div class=\"wpb-content-wrapper\"><p>[vc_row][vc_column][vc_text_separator title=&#8221;Descri\u00e7\u00e3o e Caracter\u00edsticas&#8221; title_align=&#8221;separator_align_left&#8221;][vc_column_text]Mant\u00e9m todas as propriedades do leite e \u00e9 melhor digerido, \u00e9 um leite especialmente indicado para pessoas com problemas de intoler\u00e2ncia \u00e0 Lactose. \u00c9 um leite modificado ao qual \u00e9 adicionado lactase, a enzima que quebra a lactose em seus dois a\u00e7\u00facares simples constituintes, glicose e galactose.[\/vc_column_text][\/vc_column][\/vc_row][vc_row][vc_column][vc_text_separator title=&#8221;Informac\u00e3o Nutricional. Valores M\u00e9dios Por 100 g&#8221; title_align=&#8221;separator_align_left&#8221;][vc_column_text]<\/p>\n<table width=\"718\">\n<tbody>\n<tr>\n<td width=\"296\">Valores medios por \/medios por<\/td>\n<td width=\"422\">100 g\/100ml<\/td>\n<\/tr>\n<tr>\n<td>Valor energ\u00e9tico \/ Energ\u00eda<\/td>\n<td>188kJ \/ 45kcal<\/td>\n<\/tr>\n<\/tbody>\n<\/table>\n<p>[\/vc_column_text][\/vc_column][\/vc_row][vc_row][vc_column][vc_round_chart type=&#8221;doughnut&#8221; style=&#8221;modern&#8221; stroke_width=&#8221;2&#8243; stroke_color=&#8221;grey&#8221; values=&#8221;%5B%7B%22title%22%3A%22Grasas%20%2F%20L%C3%ADpidos%20(%201.6%20g)%22%2C%22value%22%3A%221.6%22%2C%22color%22%3A%22vista-blue%22%7D%2C%7B%22title%22%3A%22Hidratos%20de%20Carbono%20(4.5%20g)%22%2C%22value%22%3A%224.5%22%2C%22color%22%3A%22juicy-pink%22%7D%2C%7B%22title%22%3A%22Sal%20(0.05%20g)%22%2C%22value%22%3A%220.05%22%2C%22color%22%3A%22sky%22%2C%22custom_color%22%3A%22%2300c1cf%22%7D%2C%7B%22title%22%3A%22Prote%C3%ADnas%20(3.1%20g)%22%2C%22value%22%3A%223.1%22%2C%22color%22%3A%22pink%22%2C%22custom_color%22%3A%22%23ff675b%22%7D%5D&#8221; title=&#8221;Valor energ\u00e9tico&#8221;][\/vc_column][\/vc_row][vc_row][vc_column][vc_text_separator title=&#8221;Ingredientes&#8221; title_align=&#8221;separator_align_left&#8221; align=&#8221;align_right&#8221; border_width=&#8221;2&#8243; el_class=&#8221;separador-producto&#8221;][vc_column_text]Leite meio gordo, enzima lactasa e vitaminas E, A, B9 (acido f\u00f3lico) y D.[\/vc_column_text][\/vc_column][\/vc_row][vc_row][vc_column][vc_text_separator title=&#8221;Al\u00e9rgenos&#8221; title_align=&#8221;separator_align_left&#8221; align=&#8221;align_right&#8221; border_width=&#8221;2&#8243; el_class=&#8221;separador-producto&#8221;][vc_column_text]Cont\u00e9m LEITE.[\/vc_column_text][\/vc_column][\/vc_row][vc_row][vc_column][vc_text_separator title=&#8221;Dados de fabricante&#8221; title_align=&#8221;separator_align_left&#8221; align=&#8221;align_right&#8221; border_width=&#8221;2&#8243; el_class=&#8221;separador-producto&#8221;][vc_column_text]<\/p>\n<table width=\"718\">\n<tbody>\n<tr>\n<td width=\"296\">Nome do fabricante<\/td>\n<td width=\"422\">Lactalis Puleva, S.L.<\/td>\n<\/tr>\n<tr>\n<td>Certificados qualidade ou informac\u00e3o de interesse<\/td>\n<td>ISO, IFS, FSSC-22000<\/td>\n<\/tr>\n<tr>\n<td>Origem<\/td>\n<td>ESPA\u00d1A<\/td>\n<\/tr>\n<tr>\n<td>Informac\u00e3o nutricional valorada<\/td>\n<td>B<\/td>\n<\/tr>\n<\/tbody>\n<\/table>\n<p>[\/vc_column_text][\/vc_column][\/vc_row][vc_row][vc_column][vc_text_separator title=&#8221;Condic\u00f5es de conservac\u00e3o&#8221; title_align=&#8221;separator_align_left&#8221; align=&#8221;align_right&#8221; border_width=&#8221;2&#8243; el_class=&#8221;separador-producto&#8221;][vc_column_text]Lugar seco e fresco. Frigor\u00edfico entre 1-6 \u00baC, n\u00e3o congelar[\/vc_column_text][\/vc_column][\/vc_row][vc_row css=&#8221;.vc_custom_1617095149022{margin-top: 50px !important;}&#8221;][vc_column][vc_tta_accordion active_section=&#8221;3&#8243; collapsible_all=&#8221;true&#8221; title=&#8221;Otros Idiomas&#8221;][vc_tta_section title=&#8221;Secci\u00f3n 1&#8243; tab_id=&#8221;1617095141629-e7802ea1-8802&#8243;][vc_column_text]<\/p>\n<table>\n<tbody>\n<tr>\n<td width=\"359\">Espa\u00f1ol<\/td>\n<td width=\"283\">Ingl\u00e9s<\/td>\n<td width=\"317\">Franc\u00e9s<\/td>\n<\/tr>\n<tr>\n<td width=\"359\">Consumir preferentemente antes del \/ Lote<\/td>\n<td width=\"283\">Best before end\/Batch<\/td>\n<td width=\"317\">\u00c0 consommer de pr\u00e9f\u00e9rence avant\/Lot<\/td>\n<\/tr>\n<tr>\n<td width=\"359\">LECHE<\/td>\n<td width=\"283\">MILK<\/td>\n<td width=\"317\">LAIT<\/td>\n<\/tr>\n<tr>\n<td width=\"359\">SIN LACTOSA<\/td>\n<td width=\"283\">LACTOSE-FREE<\/td>\n<td width=\"317\">SANS LACTOSE<\/td>\n<\/tr>\n<tr>\n<td width=\"359\">SEMIDESNATADA<\/td>\n<td width=\"283\">SEMI-SKIMMED<\/td>\n<td width=\"317\">DEMI-\u00c9CR\u00c9M\u00c9<\/td>\n<\/tr>\n<tr>\n<td width=\"359\">UHT 1L<\/td>\n<td width=\"283\">UHT 1L<\/td>\n<td width=\"317\">UHT 1L<\/td>\n<\/tr>\n<tr>\n<td width=\"359\">LECHE SEMIDESNATADA SIN LACTOSA ENRIQUECIDA EN VITAMINAS A,D,E Y \u00c1CIDO F\u00d3LICO UHT<\/td>\n<td width=\"283\">SEMI-SKIMMED LACTOSE-FREE MILK ENRICHED WITH VITAMINS A, D, E AND FOLIC ACID UHT<\/td>\n<td width=\"317\">LAIT DEMI-\u00c9CR\u00c9M\u00c9 SANS LACTOSE, ENRICHI EN VITAMINES A, D, E ET EN ACIDE FOLIQUE UHT<\/td>\n<\/tr>\n<tr>\n<td width=\"359\">INGREDIENTES<\/td>\n<td width=\"283\">INGREDIENTS<\/td>\n<td width=\"317\">INGR\u00c9DIENTS<\/td>\n<\/tr>\n<tr>\n<td width=\"359\">LECHE semidesnatada,<\/td>\n<td width=\"283\">Semi-skimmed MILK,<\/td>\n<td width=\"317\">LAIT demi-\u00e9cr\u00e9m\u00e9,<\/td>\n<\/tr>\n<tr>\n<td width=\"359\">enzima lactasa<\/td>\n<td width=\"283\">lactase enzyme<\/td>\n<td width=\"317\">enzyme lactase<\/td>\n<\/tr>\n<tr>\n<td width=\"359\">y vitaminas A, D, E, \u00c1cido F\u00f3lico.<\/td>\n<td width=\"283\">and vitamins A, D, E, Folic Acid.<\/td>\n<td width=\"317\">et vitamines A, D, E, acide folique.<\/td>\n<\/tr>\n<tr>\n<td width=\"359\">Origen de la leche:<\/td>\n<td width=\"283\">Milk produced in:<\/td>\n<td width=\"317\">Origine du lait\u00a0:<\/td>\n<\/tr>\n<tr>\n<td width=\"359\">Espa\u00f1a.<\/td>\n<td width=\"283\">Spain.<\/td>\n<td width=\"317\">Espagne.<\/td>\n<\/tr>\n<tr>\n<td width=\"359\">INFORMACI\u00d3N NUTRICIONAL<\/td>\n<td width=\"283\">NUTRITIONAL INFORMATION<\/td>\n<td width=\"317\">INFORMATION NUTRITIONNELLE<\/td>\n<\/tr>\n<tr>\n<td width=\"359\">Valores medios por<\/td>\n<td width=\"283\">Average values by<\/td>\n<td width=\"317\">Valeurs moyennes pour<\/td>\n<\/tr>\n<tr>\n<td width=\"359\">Grasas<\/td>\n<td width=\"283\">Fats<\/td>\n<td width=\"317\">Mati\u00e8res grasses<\/td>\n<\/tr>\n<tr>\n<td width=\"359\">De las cuales saturadas<\/td>\n<td width=\"283\">Of which saturates<\/td>\n<td width=\"317\">Dont satur\u00e9es<\/td>\n<\/tr>\n<tr>\n<td width=\"359\">Hidratos de carbono<\/td>\n<td width=\"283\">Carbohydrate<\/td>\n<td width=\"317\">Glucides<\/td>\n<\/tr>\n<tr>\n<td width=\"359\">De los cuales az\u00facares<\/td>\n<td width=\"283\">Of which sugars<\/td>\n<td width=\"317\">Dont sucres<\/td>\n<\/tr>\n<tr>\n<td width=\"359\">Prote\u00ednas<\/td>\n<td width=\"283\">Protein<\/td>\n<td width=\"317\">Prot\u00e9ines<\/td>\n<\/tr>\n<tr>\n<td width=\"359\">Sal<\/td>\n<td width=\"283\">Salt<\/td>\n<td width=\"317\">Sel<\/td>\n<\/tr>\n<tr>\n<td width=\"359\">Vitamina A<\/td>\n<td width=\"283\">Vitamin A<\/td>\n<td width=\"317\">Vitamine A<\/td>\n<\/tr>\n<tr>\n<td width=\"359\">Vitamina D<\/td>\n<td width=\"283\">Vitamin D<\/td>\n<td width=\"317\">Vitamine D<\/td>\n<\/tr>\n<tr>\n<td width=\"359\">Vitamina E<\/td>\n<td width=\"283\">Vitamin E<\/td>\n<td width=\"317\">Vitamine E<\/td>\n<\/tr>\n<tr>\n<td width=\"359\">Vitamina B9<\/td>\n<td width=\"283\">Vitamin B9<\/td>\n<td width=\"317\">Vitamine B9<\/td>\n<\/tr>\n<tr>\n<td width=\"359\">(\u00c1c. f\u00f3lico)<\/td>\n<td width=\"283\">(Folic Acid)<\/td>\n<td width=\"317\">(Ac. folique)<\/td>\n<\/tr>\n<tr>\n<td width=\"359\">Calcio<\/td>\n<td width=\"283\">Calcium<\/td>\n<td width=\"317\">Calcium<\/td>\n<\/tr>\n<tr>\n<td width=\"359\">Lactosa<\/td>\n<td width=\"283\">Lactose<\/td>\n<td width=\"317\">Lactose<\/td>\n<\/tr>\n<tr>\n<td width=\"359\">15% VRN*<\/td>\n<td width=\"283\">15% NRV*<\/td>\n<td width=\"317\">15\u00a0% VNR*<\/td>\n<\/tr>\n<tr>\n<td width=\"359\">VRN:<\/td>\n<td width=\"283\">NRV:<\/td>\n<td width=\"317\">VNR\u00a0:<\/td>\n<\/tr>\n<tr>\n<td width=\"359\">Valores de referencia de nutrientes.<\/td>\n<td width=\"283\">Nutrient Reference Value<\/td>\n<td width=\"317\">Valeur nutritionnelle de r\u00e9f\u00e9rence.<\/td>\n<\/tr>\n<tr>\n<td width=\"359\">Este envase contiene aproximadamente 4 porciones de 250ml.<\/td>\n<td width=\"283\">This package contains approximately 4 portions of 250ml<\/td>\n<td width=\"317\">Cet emballage contient environ 4\u00a0portions de 250\u00a0ml.<\/td>\n<\/tr>\n<tr>\n<td width=\"359\">UHT 1L<\/td>\n<td width=\"283\">UHT 1L<\/td>\n<td width=\"317\">UHT 1L<\/td>\n<\/tr>\n<tr>\n<td width=\"359\">CONSERVACI\u00d3N<\/td>\n<td width=\"283\">STORAGE<\/td>\n<td width=\"317\">CONSERVATION<\/td>\n<\/tr>\n<tr>\n<td width=\"359\">Conservar en lugar fresco y seco.<\/td>\n<td width=\"283\">Store in a cool, dry place.<\/td>\n<td width=\"317\">Conserver dans un endroit frais et sec.<\/td>\n<\/tr>\n<tr>\n<td width=\"359\">Una vez abierto conservar en el frigor\u00edfico y consumir en 2-3 d\u00edas.<\/td>\n<td width=\"283\">Once opened, keep refrigerated and consume within 2-3 days.<\/td>\n<td width=\"317\">Apr\u00e8s ouverture, conserver au r\u00e9frig\u00e9rateur et consommer de pr\u00e9f\u00e9rence dans les 2 ou 3\u00a0jours.<\/td>\n<\/tr>\n<tr>\n<td width=\"359\">Consumir preferentemente antes del\/Lote:<\/td>\n<td width=\"283\">Best before end\/Batch:<\/td>\n<td width=\"317\">\u00c0 consommer de pr\u00e9f\u00e9rence avant\/Lot\u00a0:<\/td>\n<\/tr>\n<tr>\n<td width=\"359\">ver parte superior del envase.<\/td>\n<td width=\"283\">see top of packaging.<\/td>\n<td width=\"317\">voir la partie sup\u00e9rieure de l\u2019emballage<\/td>\n<\/tr>\n<tr>\n<td width=\"359\">Fabricado y envasado por<\/td>\n<td width=\"283\">Made and packaged by<\/td>\n<td width=\"317\">Fabriqu\u00e9 et conditionn\u00e9 par<\/td>\n<\/tr>\n<tr>\n<td width=\"359\">N\u00ba RGSEAA (ver parte superior del envase)<\/td>\n<td width=\"283\">RGSEAA No. (See top of packaging)<\/td>\n<td width=\"317\">N\u00ba RGSEAA (voir la partie sup\u00e9rieure de l\u2019emballage)<\/td>\n<\/tr>\n<tr>\n<td width=\"359\">Para:<\/td>\n<td width=\"283\">For:<\/td>\n<td width=\"317\">Pour\u00a0:<\/td>\n<\/tr>\n<tr>\n<td width=\"359\">COVIRAN S.C.A.<\/td>\n<td width=\"283\">COVIRAN S.C.A.<\/td>\n<td width=\"317\">COVIRAN S.C.A.<\/td>\n<\/tr>\n<tr>\n<td width=\"359\">Ctra.<\/td>\n<td width=\"283\">Ctra.<\/td>\n<td width=\"317\">Ctra.<\/td>\n<\/tr>\n<tr>\n<td width=\"359\">Nac.<\/td>\n<td width=\"283\">Nac.<\/td>\n<td width=\"317\">Nat.<\/td>\n<\/tr>\n<tr>\n<td width=\"359\">432, km 431<\/td>\n<td width=\"283\">432, km 431<\/td>\n<td width=\"317\">432, km 431<\/td>\n<\/tr>\n<tr>\n<td width=\"359\">18230 Atarfe (Granada)<\/td>\n<td width=\"283\">18230 Atarfe (Granada)<\/td>\n<td width=\"317\">18230 Atarfe (Grenade)<\/td>\n<\/tr>\n<tr>\n<td width=\"359\">MIXTO<\/td>\n<td width=\"283\">MIXED<\/td>\n<td width=\"317\">MIXTO<\/td>\n<\/tr>\n<tr>\n<td width=\"359\">Cart\u00f3n procedente de fuentes responsables<\/td>\n<td width=\"283\">Carton obtained from responsible sources<\/td>\n<td width=\"317\">Carton provenant de sources responsables<\/td>\n<\/tr>\n<tr>\n<td width=\"359\">Recomendado por ADILAC<\/td>\n<td width=\"283\">Recommended by ADILAC<\/td>\n<td width=\"317\">Recommand\u00e9 PAR ADILAC<\/td>\n<\/tr>\n<tr>\n<td width=\"359\">Contenedor amarillo<\/td>\n<td width=\"283\">Yellow container<\/td>\n<td width=\"317\">Poubelle jaune<\/td>\n<\/tr>\n<\/tbody>\n<\/table>\n<p>&nbsp;<\/p>\n<table>\n<tbody>\n<tr>\n<td width=\"160\">Espa\u00f1ol<\/td>\n<td width=\"160\">Ingl\u00e9s<\/td>\n<td width=\"160\">Franc\u00e9s<\/td>\n<td width=\"160\">Italiano<\/td>\n<td width=\"160\">Alem\u00e1n<\/td>\n<td width=\"160\">Chino<\/td>\n<\/tr>\n<tr>\n<td width=\"160\">LECHE SEMIDESNATADA SIN LACTOSA<\/p>\n<p>ENRIQUECIDA EN VITAMINAS A,D,E Y<\/p>\n<p>\u00c1CIDO F\u00d3LICO UHT<\/td>\n<td width=\"160\">SEMI-SKIMMED LACTOSE-FREE MILK ENRICHED WITH VITAMINS A, D, E AND FOLIC ACID UHT<\/td>\n<td width=\"160\">LAIT DEMI-\u00c9CR\u00c9M\u00c9 SANS LACTOSE, ENRICHI EN VITAMINES A, D, E ET EN ACIDE FOLIQUE UHT<\/p>\n<p>&nbsp;<\/td>\n<td width=\"160\">LATTE PARZIALMENTE SCREMATO SENZA LATTOSIO<br \/>\nRICCO DI VITAMINE A, D, E ED<br \/>\nACIDO FOLICO UHT<\/td>\n<td width=\"160\">MIT VITAMIN A, D, E UND FOLS\u00c4URE ANGEREICHERTE LAKTOSEFREIE UHT HALBFETTMILCH<\/td>\n<td width=\"160\">\u5e38\u6e29\u534a\u8131\u8102\u65e0\u4e73\u7cd6\u5976<\/p>\n<p>\u5bcc\u542b\u7ef4\u4ed6\u547d A, D, E \u4ee5\u53ca\u53f6\u9178<\/td>\n<\/tr>\n<\/tbody>\n<\/table>\n<p>[\/vc_column_text][\/vc_tta_section][vc_tta_section title=&#8221;Secci\u00f3n 2&#8243; tab_id=&#8221;1617095141681-6a1e0245-1f27&#8243;][\/vc_tta_section][\/vc_tta_accordion][\/vc_column][\/vc_row]<\/p>\n<\/div>","protected":false},"excerpt":{"rendered":"<table width=\"718\">\n<tbody>\n<tr>\n<td width=\"296\">C\u00f3digo Art\u00edculo<\/td>\n<td width=\"422\">420047<\/td>\n<\/tr>\n<tr>\n<td>EAN<\/td>\n<td>8422823200474<\/td>\n<\/tr>\n<\/tbody>\n<\/table>\n<p><iframe title=\"YouTube video player\" src=\"https:\/\/www.youtube.com\/embed\/RnmdXaVGSoo\" width=\"560\" height=\"315\" frameborder=\"0\" allowfullscreen=\"allowfullscreen\"><\/iframe><\/p>\n<p><strong>Se passas o ano de dieta, mas a tua barriga ronca: Leite M\/Gordo sem lactose COVIRAN<\/strong><\/p>\n<p>Com o leite sem lactose da COVIRAN agora pode saborear o leite de vaca sem se incomodar com problemas digestivos da intoler\u00e2ncia \u00e0 lactose<\/p>\n<p>Se foi diagnosticado com intoler\u00e2ncia \u00e0 lactose ou algum outro problema digestivo relacionado, n\u00e3o precisa mais de se preocupar com o tr\u00e2nsito intestinal. Temos uma vasta gama de produtos sem lactose, aproveite-os!<\/p>\n<p><strong>Com lactase e menos gordura<\/strong><\/p>\n<p>A intoler\u00e2ncia \u00e0 lactose causa problemas gastrointestinais irritantes: digest\u00e3o dif\u00edcil, irregularidades, incha\u00e7o abdominal, etc.<\/p>\n<p>Adicionamos lactase ao leite de vaca, para que seu intestino possa digerir adequadamente esse a\u00e7\u00facar natural do leite. Retiramos parte da gordura, para que fique mais leve e adequada para uma dieta de baixa caloria.<\/p>\n<p><strong>Com todos os nutrientes: prote\u00ednas, vitaminas e minerais<\/strong><\/p>\n<p>Seu alto teor de \u00e1gua ajuda a manter seu corpo hidratado, para que tenha uma pele bonita, e \u00e9 por isso que muitas lo\u00e7\u00f5es usam \u00e1cido l\u00e1cteo em sua composi\u00e7\u00e3o.<\/p>\n<p>As suas prote\u00ednas de alto valor biol\u00f3gico e carbohidratos s\u00e3o uma grande fonte de energia e vitalidade, por isso as cotovias &#8211; as madrugadoras &#8211; , comem no caf\u00e9 da manh\u00e3, e as corujas &#8211; as mais nocturnas &#8211; o comem como lanche. Voc\u00ea, quando prefere?<\/p>\n<p>Tamb\u00e9m \u00e9 rico em minerais como c\u00e1lcio, magn\u00e9sio, f\u00f3sforo e zinco. Bem como vitaminas D, A, vitamina B12 e riboflavina. Tudo necess\u00e1rio para uma alimenta\u00e7\u00e3o equilibrada e uma vida saud\u00e1vel.<\/p>\n<p>Com leite meio gordo sem lactose COVIRAN: n\u00e3o abra m\u00e3o de nada e aproveite tudo, sabe que o seu corpo pede!<\/p>\n<p><img fetchpriority=\"high\" decoding=\"async\" class=\"alignnone wp-image-4931 size-large\" src=\"https:\/\/productos.coviran.es\/wp-content\/uploads\/2021\/03\/Leche-semidesnatada-Sin-Lactosa-\u2013-420047-1024x1024.png\" alt=\"\" width=\"1024\" height=\"1024\" srcset=\"https:\/\/productos.coviran.es\/wp-content\/uploads\/2021\/03\/Leche-semidesnatada-Sin-Lactosa-\u2013-420047-1024x1024.png 1024w, https:\/\/productos.coviran.es\/wp-content\/uploads\/2021\/03\/Leche-semidesnatada-Sin-Lactosa-\u2013-420047-300x300.png 300w, https:\/\/productos.coviran.es\/wp-content\/uploads\/2021\/03\/Leche-semidesnatada-Sin-Lactosa-\u2013-420047-150x150.png 150w, https:\/\/productos.coviran.es\/wp-content\/uploads\/2021\/03\/Leche-semidesnatada-Sin-Lactosa-\u2013-420047-768x768.png 768w, https:\/\/productos.coviran.es\/wp-content\/uploads\/2021\/03\/Leche-semidesnatada-Sin-Lactosa-\u2013-420047-146x146.png 146w, https:\/\/productos.coviran.es\/wp-content\/uploads\/2021\/03\/Leche-semidesnatada-Sin-Lactosa-\u2013-420047-50x50.png 50w, https:\/\/productos.coviran.es\/wp-content\/uploads\/2021\/03\/Leche-semidesnatada-Sin-Lactosa-\u2013-420047-75x75.png 75w, https:\/\/productos.coviran.es\/wp-content\/uploads\/2021\/03\/Leche-semidesnatada-Sin-Lactosa-\u2013-420047-85x85.png 85w, https:\/\/productos.coviran.es\/wp-content\/uploads\/2021\/03\/Leche-semidesnatada-Sin-Lactosa-\u2013-420047-80x80.png 80w, https:\/\/productos.coviran.es\/wp-content\/uploads\/2021\/03\/Leche-semidesnatada-Sin-Lactosa-\u2013-420047-600x600.png 600w, https:\/\/productos.coviran.es\/wp-content\/uploads\/2021\/03\/Leche-semidesnatada-Sin-Lactosa-\u2013-420047.png 1200w\" sizes=\"(max-width:767px) 480px, (max-width:1024px) 100vw, 1024px\" \/><\/p>\n","protected":false},"author":1,"featured_media":9198,"template":"","meta":[],"product_brand":[],"product_cat":[249,262],"product_tag":[],"class_list":{"0":"post-6112","1":"product","2":"type-product","3":"status-publish","4":"has-post-thumbnail","6":"product_cat-leches","7":"product_cat-salud","9":"first","10":"instock","11":"shipping-taxable","12":"product-type-simple"},"_links":{"self":[{"href":"https:\/\/productos.coviran.es\/pt-pt\/wp-json\/wp\/v2\/product\/6112","targetHints":{"allow":["GET"]}}],"collection":[{"href":"https:\/\/productos.coviran.es\/pt-pt\/wp-json\/wp\/v2\/product"}],"about":[{"href":"https:\/\/productos.coviran.es\/pt-pt\/wp-json\/wp\/v2\/types\/product"}],"author":[{"embeddable":true,"href":"https:\/\/productos.coviran.es\/pt-pt\/wp-json\/wp\/v2\/users\/1"}],"wp:featuredmedia":[{"embeddable":true,"href":"https:\/\/productos.coviran.es\/pt-pt\/wp-json\/wp\/v2\/media\/9198"}],"wp:attachment":[{"href":"https:\/\/productos.coviran.es\/pt-pt\/wp-json\/wp\/v2\/media?parent=6112"}],"wp:term":[{"taxonomy":"product_brand","embeddable":true,"href":"https:\/\/productos.coviran.es\/pt-pt\/wp-json\/wp\/v2\/product_brand?post=6112"},{"taxonomy":"product_cat","embeddable":true,"href":"https:\/\/productos.coviran.es\/pt-pt\/wp-json\/wp\/v2\/product_cat?post=6112"},{"taxonomy":"product_tag","embeddable":true,"href":"https:\/\/productos.coviran.es\/pt-pt\/wp-json\/wp\/v2\/product_tag?post=6112"}],"curies":[{"name":"wp","href":"https:\/\/api.w.org\/{rel}","templated":true}]}}