{"id":7223,"date":"2022-03-25T12:30:29","date_gmt":"2022-03-25T12:30:29","guid":{"rendered":"https:\/\/productos.coviran.es\/?post_type=product&#038;p=7223"},"modified":"2022-03-25T12:30:29","modified_gmt":"2022-03-25T12:30:29","slug":"pensos-ultra-anatomico-coviran-28-u","status":"publish","type":"product","link":"https:\/\/productos.coviran.es\/pt-pt\/producto\/pensos-ultra-anatomico-coviran-28-u\/","title":{"rendered":"Pensos Ultra Anat\u00f3mico Coviran 28 U"},"content":{"rendered":"<div class=\"wpb-content-wrapper\"><p>[vc_row][vc_column][vc_text_separator title=&#8221;Descri\u00e7\u00e3o e caracter\u00edsticas&#8221; title_align=&#8221;separator_align_left&#8221; align=&#8221;align_right&#8221; border_width=&#8221;2&#8243; el_class=&#8221;separador-producto&#8221;][vc_column_text]PENSO ULTRA ANAT\u00d3MICO DE CELULOSE SUAVE. Cobertura tridimensional suave , part\u00edculas super absorventes , nova capa de protec\u00e7\u00e3o impressa, f\u00e1cil de colocar e descartar.[\/vc_column_text][\/vc_column][\/vc_row][vc_row][vc_column][vc_text_separator title=&#8221;Dados de fabricante&#8221; title_align=&#8221;separator_align_left&#8221; align=&#8221;align_right&#8221; border_width=&#8221;2&#8243; el_class=&#8221;separador-producto&#8221;][vc_column_text]<\/p>\n<table width=\"544\">\n<tbody>\n<tr>\n<td width=\"278\">Nome do fabricante<\/td>\n<td width=\"266\">ONTEX ID SAU<\/td>\n<\/tr>\n<tr>\n<td>Lugar de produ\u00e7\u00e3o<\/td>\n<td>C\/CONSUEGRA 7 2\u00aa , CP 28036 MADRID<\/td>\n<\/tr>\n<\/tbody>\n<\/table>\n<p>[\/vc_column_text][\/vc_column][\/vc_row][vc_row][vc_column][vc_text_separator title=&#8221;Destino final previsto para o produto&#8221; title_align=&#8221;separator_align_left&#8221; align=&#8221;align_right&#8221; border_width=&#8221;2&#8243; el_class=&#8221;separador-producto&#8221;][vc_column_text]PARA USO MENSTRUAL.[\/vc_column_text][\/vc_column][\/vc_row][vc_row][vc_column][vc_text_separator title=&#8221;Observaciones Adicionales&#8221; title_align=&#8221;separator_align_left&#8221; align=&#8221;align_right&#8221; border_width=&#8221;2&#8243; el_class=&#8221;separador-producto&#8221;][vc_column_text]FABRICADO COM CELULOSE PROVENIENTE DE BOSQUES SUSTENT\u00c1VEIS &#8211; FLUXO NORMAL.[\/vc_column_text][\/vc_column][\/vc_row]<\/p>\n<\/div>","protected":false},"excerpt":{"rendered":"<table width=\"544\">\n<tbody>\n<tr>\n<td width=\"278\">C\u00f3digo Art\u00edculo<\/td>\n<td width=\"266\">469060<\/td>\n<\/tr>\n<tr>\n<td>EAN<\/td>\n<td>8422823690602<\/td>\n<\/tr>\n<\/tbody>\n<\/table>\n","protected":false},"author":19,"featured_media":6793,"template":"","meta":[],"product_brand":[],"product_cat":[171,291],"product_tag":[],"class_list":{"0":"post-7223","1":"product","2":"type-product","3":"status-publish","4":"has-post-thumbnail","6":"product_cat-higiene-corporal","7":"product_cat-compresas","9":"first","10":"instock","11":"shipping-taxable","12":"product-type-simple"},"_links":{"self":[{"href":"https:\/\/productos.coviran.es\/pt-pt\/wp-json\/wp\/v2\/product\/7223","targetHints":{"allow":["GET"]}}],"collection":[{"href":"https:\/\/productos.coviran.es\/pt-pt\/wp-json\/wp\/v2\/product"}],"about":[{"href":"https:\/\/productos.coviran.es\/pt-pt\/wp-json\/wp\/v2\/types\/product"}],"author":[{"embeddable":true,"href":"https:\/\/productos.coviran.es\/pt-pt\/wp-json\/wp\/v2\/users\/19"}],"wp:featuredmedia":[{"embeddable":true,"href":"https:\/\/productos.coviran.es\/pt-pt\/wp-json\/wp\/v2\/media\/6793"}],"wp:attachment":[{"href":"https:\/\/productos.coviran.es\/pt-pt\/wp-json\/wp\/v2\/media?parent=7223"}],"wp:term":[{"taxonomy":"product_brand","embeddable":true,"href":"https:\/\/productos.coviran.es\/pt-pt\/wp-json\/wp\/v2\/product_brand?post=7223"},{"taxonomy":"product_cat","embeddable":true,"href":"https:\/\/productos.coviran.es\/pt-pt\/wp-json\/wp\/v2\/product_cat?post=7223"},{"taxonomy":"product_tag","embeddable":true,"href":"https:\/\/productos.coviran.es\/pt-pt\/wp-json\/wp\/v2\/product_tag?post=7223"}],"curies":[{"name":"wp","href":"https:\/\/api.w.org\/{rel}","templated":true}]}}