{"id":7225,"date":"2022-03-25T12:58:48","date_gmt":"2022-03-25T12:58:48","guid":{"rendered":"https:\/\/productos.coviran.es\/?post_type=product&#038;p=7225"},"modified":"2022-03-25T12:58:48","modified_gmt":"2022-03-25T12:58:48","slug":"pensos-ultra-abas-coviran-28-u","status":"publish","type":"product","link":"https:\/\/productos.coviran.es\/pt-pt\/producto\/pensos-ultra-abas-coviran-28-u\/","title":{"rendered":"Pensos Ultra Abas Coviran 28 U"},"content":{"rendered":"<div class=\"wpb-content-wrapper\"><p>[vc_row][vc_column][vc_text_separator title=&#8221;Descri\u00e7\u00e3o e caracter\u00edsticas&#8221; title_align=&#8221;separator_align_left&#8221; align=&#8221;align_right&#8221; border_width=&#8221;2&#8243; el_class=&#8221;separador-producto&#8221;][vc_column_text]ULTRA ABAS NORMAL. Abas protectoras, cobertura tridimensional suave, n\u00facleo interior com part\u00edculas super absorventes.[\/vc_column_text][\/vc_column][\/vc_row][vc_row][vc_column][vc_text_separator title=&#8221;Dados de fabricante&#8221; title_align=&#8221;separator_align_left&#8221; align=&#8221;align_right&#8221; border_width=&#8221;2&#8243; el_class=&#8221;separador-producto&#8221;][vc_column_text]<\/p>\n<table width=\"544\">\n<tbody>\n<tr>\n<td width=\"278\">Nome do fabricante<\/td>\n<td width=\"266\">ONTEX ID SAU<\/td>\n<\/tr>\n<tr>\n<td>Lugar de produ\u00e7\u00e3o<\/td>\n<td>C\/CONSUEGRA 7 2\u00aa , CP 28036 MADRID<\/td>\n<\/tr>\n<\/tbody>\n<\/table>\n<p>[\/vc_column_text][\/vc_column][\/vc_row][vc_row][vc_column][vc_text_separator title=&#8221;Destino final previsto para o produto&#8221; title_align=&#8221;separator_align_left&#8221; align=&#8221;align_right&#8221; border_width=&#8221;2&#8243; el_class=&#8221;separador-producto&#8221;][vc_column_text]PARA USO MENSTRUAL.[\/vc_column_text][\/vc_column][\/vc_row][vc_row][vc_column][vc_text_separator title=&#8221;Observac\u00f5es Adicionais&#8221; title_align=&#8221;separator_align_left&#8221; align=&#8221;align_right&#8221; border_width=&#8221;2&#8243; el_class=&#8221;separador-producto&#8221;][vc_column_text]FABRICADO COM CELULOSE PROVENIENTE DE BOSQUES SUSTENT\u00c1VEIS &#8211; FLUXO NORMAL.[\/vc_column_text][\/vc_column][\/vc_row]<\/p>\n<\/div>","protected":false},"excerpt":{"rendered":"<table width=\"544\">\n<tbody>\n<tr>\n<td width=\"278\">C\u00f3digo Artigo<\/td>\n<td width=\"266\">469061<\/td>\n<\/tr>\n<tr>\n<td>EAN<\/td>\n<td>8422823690619<\/td>\n<\/tr>\n<\/tbody>\n<\/table>\n<p><strong>A menstrua\u00e7\u00e3o n\u00e3o \u00e9 op\u00e7\u00e3o, o que vamos fazer?! Cuida-te com os produtos adequados<\/strong><\/p>\n<p>Desde que chega na puberdade e nos abandona na menopausa, a menstrua\u00e7\u00e3o \u00e9 um inc\u00f3modo mensal, que nos visita uma vez por m\u00eas e, no caso de algumas mulheres pode ser um aut\u00eantico problema:\u00a0 a dismenorreia &#8211; uma dor uterina no momento da menstrua\u00e7\u00e3o, aparece com ela ou dois ou tr\u00eas dias antes da mesma. Al\u00e9m disso, a dor tende a ser mais intensa 24h depois do inicio da menstrua\u00e7\u00e3o e continua durante dois a tr\u00eas dias depois.<\/p>\n<p>Ainda que n\u00e3o seja o teu caso, e especialmente se \u00e9, usa dos produtos adequados: usa Pensos Ultra abas COVIRAN<\/p>\n<p><b>N\u00facleo interior com part\u00edculas super absorventes<\/b><\/p>\n<p>O centro do penso est\u00e1 encarregado de reter o l\u00edquido, normalmente \u00e9 um pol\u00edmero capaz de absorver enormes quantidades de l\u00edquido, o mais usado \u00e9 o poliacrilato de sodio.<\/p>\n<p>\u00c9 um material n\u00e3o t\u00f3xico que geralmente vem na forma de bolas. Este elemento pode aumentar at\u00e9 1000 vezes o seu volume e da\u00ed a sua efic\u00e1cia.<\/p>\n<p><b>Produto higi\u00e9nico com mat\u00e9rias primas de qualidade e sustent\u00e1vel<\/b><\/p>\n<p>A bioindustria circular do papel come\u00e7a nas planta\u00e7\u00f5es locais de eucalipto e pinheiro de onde vem a madeira que empregam os produtores de celulose e que s\u00e3o os grandes sugadores de CO2.<\/p>\n<p>O abastecimento local e a gest\u00e3o florestal sustent\u00e1vel das planta\u00e7\u00f5es e a sua certifica\u00e7\u00e3o, e a melhora da sa\u00fade das planta\u00e7\u00f5es na sua adapta\u00e7\u00e3o \u00e0s mudan\u00e7as clim\u00e1ticas s\u00e3o aspectos priorit\u00e1rios para o sector da celulose e o papel. Assim como o impulso das boas pr\u00e1ticas nos aproveitamentos para obter madeira com origem legal e sustent\u00e1vel.<\/p>\n","protected":false},"author":19,"featured_media":11693,"template":"","meta":[],"product_brand":[],"product_cat":[171,291],"product_tag":[],"class_list":{"0":"post-7225","1":"product","2":"type-product","3":"status-publish","4":"has-post-thumbnail","6":"product_cat-higiene-corporal","7":"product_cat-compresas","9":"first","10":"instock","11":"shipping-taxable","12":"product-type-simple"},"_links":{"self":[{"href":"https:\/\/productos.coviran.es\/pt-pt\/wp-json\/wp\/v2\/product\/7225","targetHints":{"allow":["GET"]}}],"collection":[{"href":"https:\/\/productos.coviran.es\/pt-pt\/wp-json\/wp\/v2\/product"}],"about":[{"href":"https:\/\/productos.coviran.es\/pt-pt\/wp-json\/wp\/v2\/types\/product"}],"author":[{"embeddable":true,"href":"https:\/\/productos.coviran.es\/pt-pt\/wp-json\/wp\/v2\/users\/19"}],"wp:featuredmedia":[{"embeddable":true,"href":"https:\/\/productos.coviran.es\/pt-pt\/wp-json\/wp\/v2\/media\/11693"}],"wp:attachment":[{"href":"https:\/\/productos.coviran.es\/pt-pt\/wp-json\/wp\/v2\/media?parent=7225"}],"wp:term":[{"taxonomy":"product_brand","embeddable":true,"href":"https:\/\/productos.coviran.es\/pt-pt\/wp-json\/wp\/v2\/product_brand?post=7225"},{"taxonomy":"product_cat","embeddable":true,"href":"https:\/\/productos.coviran.es\/pt-pt\/wp-json\/wp\/v2\/product_cat?post=7225"},{"taxonomy":"product_tag","embeddable":true,"href":"https:\/\/productos.coviran.es\/pt-pt\/wp-json\/wp\/v2\/product_tag?post=7225"}],"curies":[{"name":"wp","href":"https:\/\/api.w.org\/{rel}","templated":true}]}}