{"id":8263,"date":"2022-12-16T11:25:55","date_gmt":"2022-12-16T11:25:55","guid":{"rendered":"https:\/\/productos.coviran.es\/?post_type=product&#038;p=8263"},"modified":"2022-12-16T11:25:55","modified_gmt":"2022-12-16T11:25:55","slug":"bebida-aveia-sem-acucares-adicionados-coviran-1l","status":"publish","type":"product","link":"https:\/\/productos.coviran.es\/pt-pt\/producto\/bebida-aveia-sem-acucares-adicionados-coviran-1l\/","title":{"rendered":"Bebida Aveia sem a\u00e7ucares adicionados Coviran 1L"},"content":{"rendered":"<div class=\"wpb-content-wrapper\"><p>[vc_row][vc_column][vc_text_separator title=&#8221;Descri\u00e7\u00e3o e Caracter\u00edsticas&#8221; title_align=&#8221;separator_align_left&#8221;][vc_column_text]Bebida de aveia UHT sem a\u00e7ucares adicionados. Enriquecida com c\u00e1lcio e vitamina D. Cont\u00e9m a\u00e7\u00facares naturalmente presentes.[\/vc_column_text][\/vc_column][\/vc_row][vc_row][vc_column][vc_text_separator title=&#8221;Ingredientes&#8221; title_align=&#8221;separator_align_left&#8221; align=&#8221;align_right&#8221; border_width=&#8221;2&#8243; el_class=&#8221;separador-producto&#8221;][vc_column_text]\u00c1gua, AVEIA (14%), sais de c\u00e1lcio de \u00e1cido ortofosf\u00f3rico, estabilizante (goma gelana), sal e vitamina D (ergocalciferol).[\/vc_column_text][\/vc_column][\/vc_row][vc_row][vc_column][vc_text_separator title=&#8221;Informac\u00e3o Nutricional. Valores M\u00e9dios Por 100 g&#8221; title_align=&#8221;separator_align_left&#8221;][vc_column_text]<\/p>\n<table width=\"718\">\n<tbody>\n<tr>\n<td width=\"296\">Valores m\u00e9dios por \/medios por<\/td>\n<td width=\"422\">100ml<\/td>\n<\/tr>\n<tr>\n<td>Valor energ\u00e9tico \/ Energ\u00eda<\/td>\n<td>196kJ \/ 46 kcal<\/td>\n<\/tr>\n<\/tbody>\n<\/table>\n<p>[\/vc_column_text][\/vc_column][\/vc_row][vc_row][vc_column][vc_round_chart type=&#8221;doughnut&#8221; style=&#8221;modern&#8221; stroke_width=&#8221;2&#8243; stroke_color=&#8221;grey&#8221; values=&#8221;%5B%7B%22title%22%3A%22Grasas%20%2F%20L%C3%ADpidos%20(0.8%20g)%22%2C%22value%22%3A%220.8%22%2C%22color%22%3A%22vista-blue%22%7D%2C%7B%22title%22%3A%22Hidratos%20de%20Carbono%20(%208.3g)%22%2C%22value%22%3A%228.3%22%2C%22color%22%3A%22juicy-pink%22%7D%2C%7B%22title%22%3A%22Prote%C3%ADnas%20(1.4%20g)%22%2C%22value%22%3A%221.4%22%2C%22color%22%3A%22violet%22%2C%22custom_color%22%3A%22%23555555%22%7D%2C%7B%22title%22%3A%22Sal%20(0.07%20g)%22%2C%22value%22%3A%220.07%22%2C%22color%22%3A%22sky%22%2C%22custom_color%22%3A%22%2300c1cf%22%7D%5D&#8221; title=&#8221;Valor energ\u00e9tico&#8221;][\/vc_column][\/vc_row][vc_row][vc_column][vc_text_separator title=&#8221;Al\u00e9rgenos&#8221; title_align=&#8221;separator_align_left&#8221; align=&#8221;align_right&#8221; border_width=&#8221;2&#8243; el_class=&#8221;separador-producto&#8221;][vc_column_text]Puede contener soja y frutos de c\u00e1scara.[\/vc_column_text][\/vc_column][\/vc_row][vc_row][vc_column][vc_text_separator title=&#8221;Dados de fabricante&#8221; title_align=&#8221;separator_align_left&#8221; align=&#8221;align_right&#8221; border_width=&#8221;2&#8243; el_class=&#8221;separador-producto&#8221;][vc_column_text]<\/p>\n<table width=\"718\">\n<tbody>\n<tr>\n<td width=\"296\">Nome de fabricante<\/td>\n<td width=\"422\">FRIAS NUTRICI\u00d3N, SAU<\/td>\n<\/tr>\n<tr>\n<td>Certificados qualidade ou informac\u00e3o de interesse<\/td>\n<td>CETIFICADO IFS FOOD. CERTIFICADO AUSENCIA OMG<\/td>\n<\/tr>\n<tr>\n<td>Origem<\/td>\n<td>Espanha<\/td>\n<\/tr>\n<tr>\n<td>Informac\u00e3o nutricional valorada<\/td>\n<td>A<\/td>\n<\/tr>\n<\/tbody>\n<\/table>\n<p>[\/vc_column_text][\/vc_column][\/vc_row][vc_row][vc_column][vc_text_separator title=&#8221;Condic\u00f5es de conservac\u00e3o&#8221; title_align=&#8221;separator_align_left&#8221; align=&#8221;align_right&#8221; border_width=&#8221;2&#8243; el_class=&#8221;separador-producto&#8221;][vc_column_text]Conservar num lugar fresco e seco. Uma vez aberta a embalagem , pode conservar at\u00e9 3 dias no frigor\u00edfico.[\/vc_column_text][\/vc_column][\/vc_row][vc_row][vc_column][vc_text_separator title=&#8221;Modo de emprego&#8221; title_align=&#8221;separator_align_left&#8221;][vc_column_text]Agitar bem antes de abrir.[\/vc_column_text][\/vc_column][\/vc_row]<\/p>\n<\/div>","protected":false},"excerpt":{"rendered":"<p><iframe title=\"YouTube video player\" src=\"https:\/\/www.youtube.com\/embed\/Dl3KzqzDoaY\" width=\"560\" height=\"315\" frameborder=\"0\" allowfullscreen=\"allowfullscreen\" data-mce-fragment=\"1\"><\/iframe><\/p>\n<table style=\"width: 53.2051%; height: 33px;\" width=\"698\">\n<tbody>\n<tr>\n<td width=\"296\">C\u00f3digo Art\u00edculo<\/td>\n<td width=\"422\">405085<\/td>\n<\/tr>\n<tr>\n<td>EAN<\/td>\n<td>8422823050857<\/td>\n<\/tr>\n<\/tbody>\n<\/table>\n<p><b>Bebida de aveia Coviran: Uma das bebidas de origem vegetal mais saud\u00e1veis e saborosas.<\/b><\/p>\n<p>A bebida de aveia obt\u00e9m-se a partir dos gr\u00e3os de aveia inteira mas tamb\u00e9m se pode elaborar com os flocos de aveia misturados com \u00e1gua.<\/p>\n<p>Embora n\u00e3o seja leite, chama-se leite de aveia pela sua cor e textura cremosa e por se ter convertido numa das alterantivas vegetais do leite animal.<\/p>\n<p>Ao contr\u00e1rio de outros leites de origem vegetal que se consumem h\u00e1 s\u00e9culos, a bebida de aveia tem uma origem bastante recente. Foi desenvolvido pelo cient\u00edfico sueco Rickard Oste en 1990.<\/p>\n<p>O seu consumo disparou nos \u00faltimos anos: entre 2017 e 2019 multiplicou-se por 10 nos Estados Unidos e triplicou no resto do mundo.<\/p>\n<p>&nbsp;<\/p>\n<p><strong>Contamos-te alguns benef\u00edcios desta bebida:<\/strong><\/p>\n<p>\u00c9 rica em fibra vegetal pelo que regula a flora intestinal.<\/p>\n<p>\u00c9 de f\u00e1cil digest\u00e3o e d grande hidrata\u00e7\u00e3o para o nosso organismo.<\/p>\n<p>Ajuda a controlar a glicose pelo que regula os n\u00edveis de a\u00e7\u00facar no sangue.<\/p>\n<p>Tem gorduras n\u00e3o saturadas, \u00f3mega 3 e 6 que equilibram o n\u00edvel de &#8220;colesterol mau&#8221;.<\/p>\n<p>\u00c9 rica em prote\u00ednas vegetais, magn\u00e9sio, zinco e pot\u00e1ssio pelo que refor\u00e7a o sistema nervoso e fortalece m\u00fasculos e ossos.<\/p>\n<p>O seu alto n\u00edvel de carbohidratos que proporcionam energia, fazem desta bebida uma das favoritas dos desportistas.<\/p>\n<p>Pelo seu sabor suave e pelas suas propriedades saud\u00e1veis, escolhe a bebida de aveia COVIRAN.<\/p>\n","protected":false},"author":19,"featured_media":8918,"template":"","meta":[],"product_brand":[],"product_cat":[249,340],"product_tag":[],"class_list":{"0":"post-8263","1":"product","2":"type-product","3":"status-publish","4":"has-post-thumbnail","6":"product_cat-leches","7":"product_cat-bebida-vegetal","9":"first","10":"instock","11":"shipping-taxable","12":"product-type-simple"},"_links":{"self":[{"href":"https:\/\/productos.coviran.es\/pt-pt\/wp-json\/wp\/v2\/product\/8263","targetHints":{"allow":["GET"]}}],"collection":[{"href":"https:\/\/productos.coviran.es\/pt-pt\/wp-json\/wp\/v2\/product"}],"about":[{"href":"https:\/\/productos.coviran.es\/pt-pt\/wp-json\/wp\/v2\/types\/product"}],"author":[{"embeddable":true,"href":"https:\/\/productos.coviran.es\/pt-pt\/wp-json\/wp\/v2\/users\/19"}],"wp:featuredmedia":[{"embeddable":true,"href":"https:\/\/productos.coviran.es\/pt-pt\/wp-json\/wp\/v2\/media\/8918"}],"wp:attachment":[{"href":"https:\/\/productos.coviran.es\/pt-pt\/wp-json\/wp\/v2\/media?parent=8263"}],"wp:term":[{"taxonomy":"product_brand","embeddable":true,"href":"https:\/\/productos.coviran.es\/pt-pt\/wp-json\/wp\/v2\/product_brand?post=8263"},{"taxonomy":"product_cat","embeddable":true,"href":"https:\/\/productos.coviran.es\/pt-pt\/wp-json\/wp\/v2\/product_cat?post=8263"},{"taxonomy":"product_tag","embeddable":true,"href":"https:\/\/productos.coviran.es\/pt-pt\/wp-json\/wp\/v2\/product_tag?post=8263"}],"curies":[{"name":"wp","href":"https:\/\/api.w.org\/{rel}","templated":true}]}}