{"id":8286,"date":"2022-12-27T12:15:44","date_gmt":"2022-12-27T12:15:44","guid":{"rendered":"https:\/\/productos.coviran.es\/?post_type=product&#038;p=8286"},"modified":"2022-12-27T12:44:19","modified_gmt":"2022-12-27T12:44:19","slug":"iogurte-magro-pedacos-pessego-coviran-125g4","status":"publish","type":"product","link":"https:\/\/productos.coviran.es\/pt-pt\/producto\/iogurte-magro-pedacos-pessego-coviran-125g4\/","title":{"rendered":"Iogurte Magro Peda\u00e7os P\u00eassego Coviran 125g*4"},"content":{"rendered":"<div class=\"wpb-content-wrapper\"><p>[vc_row][vc_column][vc_text_separator title=&#8221;Descri\u00e7\u00e3o e Caracter\u00edsticas&#8221; title_align=&#8221;separator_align_left&#8221;][vc_column_text]O iogurte \u00e9 um alimento probi\u00f3tico essencial com cerca de 100 milh\u00f5es de bact\u00e9rias e numerosas propriedades para o nosso organismo. A composi\u00e7\u00e3o dos iogurtes +e muito similar ao leite. As prote\u00ednas que cont\u00e9m s\u00e3o de alto valor biol\u00f3gico.[\/vc_column_text][\/vc_column][\/vc_row][vc_row][vc_column][vc_text_separator title=&#8221;Informa\u00e7\u00e3o Nutricional. Valores M\u00e9dios Por 100 g&#8221; title_align=&#8221;separator_align_left&#8221;][vc_column_text]<\/p>\n<table width=\"718\">\n<tbody>\n<tr>\n<td width=\"296\">Valores medios por \/medios por<\/td>\n<td width=\"422\">100 g<\/td>\n<\/tr>\n<tr>\n<td>Valor energ\u00e9tico \/ Energ\u00eda<\/td>\n<td>189 kJ \/45 kcal<\/td>\n<\/tr>\n<\/tbody>\n<\/table>\n<p>[\/vc_column_text][\/vc_column][\/vc_row][vc_row][vc_column][vc_round_chart type=&#8221;doughnut&#8221; style=&#8221;modern&#8221; stroke_width=&#8221;2&#8243; stroke_color=&#8221;grey&#8221; values=&#8221;%5B%7B%22title%22%3A%22Grasas%20%2F%20L%C3%ADpidos%20(0.1%20g)%22%2C%22value%22%3A%220.1%22%2C%22color%22%3A%22vista-blue%22%7D%2C%7B%22title%22%3A%22Hidratos%20de%20Carbono%20(5.7%20g)%22%2C%22value%22%3A%225.7%22%2C%22color%22%3A%22juicy-pink%22%7D%2C%7B%22title%22%3A%22Fibra%20(0%20g)%22%2C%22value%22%3A%220%22%2C%22color%22%3A%22green%22%7D%2C%7B%22title%22%3A%22Prote%C3%ADnas%20(4.3%20g)%22%2C%22value%22%3A%224.3%22%2C%22color%22%3A%22violet%22%2C%22custom_color%22%3A%22%23555555%22%7D%2C%7B%22title%22%3A%22Sal%20(0.14%20g)%22%2C%22value%22%3A%220.14%22%2C%22color%22%3A%22sky%22%2C%22custom_color%22%3A%22%2300c1cf%22%7D%5D&#8221; title=&#8221;Valor energ\u00e9tico&#8221;][\/vc_column][\/vc_row][vc_row][vc_column][vc_text_separator title=&#8221;Ingredientes&#8221; title_align=&#8221;separator_align_left&#8221; align=&#8221;align_right&#8221; border_width=&#8221;2&#8243; el_class=&#8221;separador-producto&#8221;][vc_column_text]Leite magro pasteurizado, p\u00eassego (10.5%), prote\u00ednas do leite, polidextrose, xarope de oligofructose, amido modificado, espessantes: E407, E412; aromas, edulcorantes: aspartamo**, E950; conservador: E202, fermentos l\u00e1cteos (cont\u00e9m LEITE) e corante: E160c.<br \/>\n** Cont\u00e9m aspartamo (uma fonte de fenilalanina).<br \/>\nOrigem do Leite: Espanha[\/vc_column_text][\/vc_column][\/vc_row][vc_row][vc_column][vc_text_separator title=&#8221;Dados de fabricante&#8221; title_align=&#8221;separator_align_left&#8221; align=&#8221;align_right&#8221; border_width=&#8221;2&#8243; el_class=&#8221;separador-producto&#8221;][vc_column_text]<\/p>\n<table width=\"718\">\n<tbody>\n<tr>\n<td width=\"296\">\n<table width=\"718\">\n<tbody>\n<tr>\n<td width=\"296\">Nome de fabricante<\/td>\n<td width=\"422\">Andros La Serna S.L.U<\/td>\n<\/tr>\n<tr>\n<td>Certificados qualidade ou informa\u00e7\u00e3o de interesse<\/td>\n<td>ISO, IFS<\/td>\n<\/tr>\n<tr>\n<td>Origem<\/td>\n<td>ESPANHA<\/td>\n<\/tr>\n<tr>\n<td>Informa\u00e7\u00e3o nutricional valorada<\/td>\n<td>A<\/td>\n<\/tr>\n<\/tbody>\n<\/table>\n<\/td>\n<td width=\"422\"><\/td>\n<\/tr>\n<tr>\n<td><\/td>\n<td><\/td>\n<\/tr>\n<tr>\n<td><\/td>\n<td><\/td>\n<\/tr>\n<tr>\n<td><\/td>\n<td><\/td>\n<\/tr>\n<\/tbody>\n<\/table>\n<p>[\/vc_column_text][\/vc_column][\/vc_row][vc_row][vc_column][vc_text_separator title=&#8221;Al\u00e9rgenos&#8221; title_align=&#8221;separator_align_left&#8221; align=&#8221;align_right&#8221; border_width=&#8221;2&#8243; el_class=&#8221;separador-producto&#8221;][vc_column_text]<\/p>\n<table width=\"422\">\n<tbody>\n<tr>\n<td width=\"422\">Cont\u00e9m LEITE<\/td>\n<\/tr>\n<\/tbody>\n<\/table>\n<p>[\/vc_column_text][\/vc_column][\/vc_row][vc_row][vc_column][vc_text_separator title=&#8221;Condic\u00f5es de conservac\u00e3o&#8221; title_align=&#8221;separator_align_left&#8221; align=&#8221;align_right&#8221; border_width=&#8221;2&#8243; el_class=&#8221;separador-producto&#8221;][vc_column_text]Conservar entre 0\u00b0C e 6\u00b0C.[\/vc_column_text][\/vc_column][\/vc_row]<\/p>\n<\/div>","protected":false},"excerpt":{"rendered":"<table width=\"718\">\n<tbody>\n<tr>\n<td width=\"296\">C\u00f3digo Artigo<\/td>\n<td width=\"422\">422010<\/td>\n<\/tr>\n<tr>\n<td>EAN<\/td>\n<td>8422823220106<\/td>\n<\/tr>\n<\/tbody>\n<\/table>\n<p><strong>Se em casa algu\u00e9m \u00e9 intolerante \u00e0 Lactose ou simplesmente gosta de cuidar da sa\u00fade do vosso sistema digestivo consumindo produtos que s\u00e3o deliciosos, o iogurte magro com peda\u00e7os de pess\u00eago COVIRAN n\u00e3o pode faltar no vosso frigor\u00edfico.<\/strong><\/p>\n<p>Os leites fermentados s\u00e3o produtos l\u00e1cteos t\u00e3o ben\u00e9ficos que s\u00e3o mesmo recomendados a pessoas intolerantes \u00e0 Lactose.<\/p>\n<p>S\u00e3o compostos por microorganismos vivos, e ajudam a regenerar a flora intestinal.<\/p>\n<p>Como consequ\u00eancia deste processo, dificulta-se a sobreviv\u00eancia de microorganismos que n\u00e3o s\u00e3o ben\u00e9ficos para a sa\u00fade. Al\u00e9m disso, o f\u00f3sforo, o c\u00e1lcio e as prote\u00ednas do leite passam a ser muito mais digestas.<\/p>\n<p><b>Mas o que s\u00e3o os probi\u00f3ticos?<\/b><\/p>\n<p>Os probi\u00f3ticos s\u00e3o esses microorganismos vivos que quando s\u00e3o consumidos em doses recomendadas s\u00e3o ben\u00e9ficos para a sa\u00fade. Os leites fermentados cont\u00eam estes microorganismos.<\/p>\n<p>Os seus principais benef\u00edcios s\u00e3o ajudar a recompor a flora intestinal, por isso recomenda-se quando est\u00e1 a tomar medica\u00e7\u00f5es pesadas para o est\u00f4mago, ou quando tem o abd\u00f3men inchado ou diarreia.<\/p>\n<p>Estes microorganismos estar\u00e3o activos at\u00e9 \u00e0 data que se indica no produto, por isso \u00e9 recomendado, como em todos os produtos aliment\u00edcios olhar a data de validade.<\/p>\n<p><b>O p\u00eassego tamb\u00e9m contribui com o seu&#8230;<\/b><\/p>\n<p>A todos os benef\u00edcios deste produto l\u00e1cteo, adicion\u00e1mos peda\u00e7os de p\u00eassego que fornecem os seus pr\u00f3prios nutrientes e fazem com que o leite fermentado esteja delicioso.<\/p>\n<p>O p\u00eassego \u00e9 rico em antioxidantes, vitaminas A e C e minerais como o iodo, o magn\u00e9sio e o pot\u00e1ssio.<\/p>\n","protected":false},"author":19,"featured_media":13448,"template":"","meta":[],"product_brand":[],"product_cat":[296,318],"product_tag":[],"class_list":{"0":"post-8286","1":"product","2":"type-product","3":"status-publish","4":"has-post-thumbnail","6":"product_cat-yogures-y-postres-preparados","7":"product_cat-desnatados","9":"first","10":"instock","11":"shipping-taxable","12":"product-type-simple"},"_links":{"self":[{"href":"https:\/\/productos.coviran.es\/pt-pt\/wp-json\/wp\/v2\/product\/8286","targetHints":{"allow":["GET"]}}],"collection":[{"href":"https:\/\/productos.coviran.es\/pt-pt\/wp-json\/wp\/v2\/product"}],"about":[{"href":"https:\/\/productos.coviran.es\/pt-pt\/wp-json\/wp\/v2\/types\/product"}],"author":[{"embeddable":true,"href":"https:\/\/productos.coviran.es\/pt-pt\/wp-json\/wp\/v2\/users\/19"}],"wp:featuredmedia":[{"embeddable":true,"href":"https:\/\/productos.coviran.es\/pt-pt\/wp-json\/wp\/v2\/media\/13448"}],"wp:attachment":[{"href":"https:\/\/productos.coviran.es\/pt-pt\/wp-json\/wp\/v2\/media?parent=8286"}],"wp:term":[{"taxonomy":"product_brand","embeddable":true,"href":"https:\/\/productos.coviran.es\/pt-pt\/wp-json\/wp\/v2\/product_brand?post=8286"},{"taxonomy":"product_cat","embeddable":true,"href":"https:\/\/productos.coviran.es\/pt-pt\/wp-json\/wp\/v2\/product_cat?post=8286"},{"taxonomy":"product_tag","embeddable":true,"href":"https:\/\/productos.coviran.es\/pt-pt\/wp-json\/wp\/v2\/product_tag?post=8286"}],"curies":[{"name":"wp","href":"https:\/\/api.w.org\/{rel}","templated":true}]}}