{"id":8287,"date":"2022-12-27T12:42:08","date_gmt":"2022-12-27T12:42:08","guid":{"rendered":"https:\/\/productos.coviran.es\/?post_type=product&#038;p=8287"},"modified":"2022-12-27T12:42:09","modified_gmt":"2022-12-27T12:42:09","slug":"iogurte-magro-pedacos-morango-coviran-125g4u","status":"publish","type":"product","link":"https:\/\/productos.coviran.es\/pt-pt\/producto\/iogurte-magro-pedacos-morango-coviran-125g4u\/","title":{"rendered":"Iogurte Magro Peda\u00e7os Morango Coviran 125g*4u."},"content":{"rendered":"<div class=\"wpb-content-wrapper\"><p>[vc_row][vc_column][vc_text_separator title=&#8221;Descri\u00e7\u00e3o e Caracter\u00edsticas&#8221; title_align=&#8221;separator_align_left&#8221;][vc_column_text]O iogurte magro cont\u00e9m uma grande quantidade de vitaminas, B2 e B12, c\u00e1lcio, pot\u00e1ssio, magn\u00e9sio entre outros nutrientes. Na verdade, contribui com 50% mais de pot\u00e1ssio, c\u00e1lcio e magn\u00e9sio em compara\u00e7\u00e3o com o leite baixo em gordura.[\/vc_column_text][\/vc_column][\/vc_row][vc_row][vc_column][vc_text_separator title=&#8221;Informac\u00e3o Nutricional. Valores M\u00e9dios Por 100 g&#8221; title_align=&#8221;separator_align_left&#8221;][vc_column_text]<\/p>\n<table width=\"718\">\n<tbody>\n<tr>\n<td width=\"296\">Valores medios por \/medios por<\/td>\n<td width=\"422\">100 g\/100ml<\/td>\n<\/tr>\n<tr>\n<td>Valor energ\u00e9tico \/ Energ\u00eda<\/td>\n<td>180kJ 43\/kcal<\/td>\n<\/tr>\n<\/tbody>\n<\/table>\n<p>[\/vc_column_text][\/vc_column][\/vc_row][vc_row][vc_column][vc_round_chart type=&#8221;doughnut&#8221; style=&#8221;modern&#8221; stroke_width=&#8221;2&#8243; stroke_color=&#8221;grey&#8221; values=&#8221;%5B%7B%22title%22%3A%22Grasas%20%2F%20L%C3%ADpidos%20(0.1%20%20g)%22%2C%22value%22%3A%220.1%22%2C%22color%22%3A%22vista-blue%22%7D%2C%7B%22title%22%3A%22Hidratos%20de%20Carbono%20(5.5%20g)%22%2C%22value%22%3A%225.5%22%2C%22color%22%3A%22juicy-pink%22%7D%2C%7B%22title%22%3A%22Fibra%20(0%20g)%22%2C%22value%22%3A%220%22%2C%22color%22%3A%22green%22%7D%2C%7B%22title%22%3A%22Prote%C3%ADnas%20(4.3%20g)%22%2C%22value%22%3A%224.3%22%2C%22color%22%3A%22violet%22%2C%22custom_color%22%3A%22%23555555%22%7D%2C%7B%22title%22%3A%22Sal%20(0.16%20g)%22%2C%22value%22%3A%220.16%22%2C%22color%22%3A%22sky%22%2C%22custom_color%22%3A%22%2300c1cf%22%7D%5D&#8221; title=&#8221;Valor energ\u00e9tico&#8221;][\/vc_column][\/vc_row][vc_row][vc_column][vc_text_separator title=&#8221;Ingredientes&#8221; title_align=&#8221;separator_align_left&#8221; align=&#8221;align_right&#8221; border_width=&#8221;2&#8243; el_class=&#8221;separador-producto&#8221;][vc_column_text]LEITE\u00a0 magro pasteurizado, morango 10,5%, prote\u00ednas do leite , xarope de oligofructosa, amido modificado, espessantes: E407,<br \/>\naromas, edulcorantes: aspartamo** E950, conservador: E202, corante: E120, fermentos l\u00e1cteos (cont\u00e9m LEITE). **Cont\u00e9m uma fonte de fenilalanina.[\/vc_column_text][\/vc_column][\/vc_row][vc_row][vc_column][vc_text_separator title=&#8221;Dados de fabricante&#8221; title_align=&#8221;separator_align_left&#8221; align=&#8221;align_right&#8221; border_width=&#8221;2&#8243; el_class=&#8221;separador-producto&#8221;][vc_column_text]<\/p>\n<table width=\"718\">\n<tbody>\n<tr>\n<td width=\"296\">Nome do fabricante<\/td>\n<td width=\"422\">Andros La Serna S.L.U<\/td>\n<\/tr>\n<tr>\n<td>Certificados qualidade ou informac\u00e3o de interesse<\/td>\n<td>ISO, IFS<\/td>\n<\/tr>\n<tr>\n<td>Origem<\/td>\n<td>ESPANHA<\/td>\n<\/tr>\n<tr>\n<td>Informac\u00e3o nutricional valorada<\/td>\n<td>A<\/td>\n<\/tr>\n<\/tbody>\n<\/table>\n<p>[\/vc_column_text][\/vc_column][\/vc_row][vc_row][vc_column][vc_text_separator title=&#8221;Al\u00e9rgenos&#8221; title_align=&#8221;separator_align_left&#8221; align=&#8221;align_right&#8221; border_width=&#8221;2&#8243; el_class=&#8221;separador-producto&#8221;][vc_column_text]Leite.[\/vc_column_text][\/vc_column][\/vc_row][vc_row][vc_column][vc_text_separator title=&#8221;Condi\u00e7\u00f5es de conserva\u00e7\u00e3o&#8221; title_align=&#8221;separator_align_left&#8221; align=&#8221;align_right&#8221; border_width=&#8221;2&#8243; el_class=&#8221;separador-producto&#8221;][vc_column_text]Conservar entre 0\u00baC e 6 \u00baC.[\/vc_column_text][\/vc_column][\/vc_row]<\/p>\n<\/div>","protected":false},"excerpt":{"rendered":"<table width=\"718\">\n<tbody>\n<tr>\n<td width=\"296\">C\u00f3digo Artigo<\/td>\n<td width=\"422\">422009<\/td>\n<\/tr>\n<tr>\n<td>EAN<\/td>\n<td>8422823220090<\/td>\n<\/tr>\n<\/tbody>\n<\/table>\n<p>&nbsp;<\/p>\n<p><strong>Se gosta de cuidar da sa\u00fade dos seus consumindo produtos que s\u00e3o deliciosos, o iogurte magro com peda\u00e7os de morango COVIRAN n\u00e3o pode faltar no seu frigor\u00edfico.<\/strong><\/p>\n<p>Os leites fermentados s\u00e3o produtos l\u00e1cteos t\u00e3o ben\u00e9ficos que s\u00e3o ali\u00e1s recomendados a pessoas intolerantes \u00e0 lactose.<\/p>\n<p>S\u00e3o compostos por microorganismos vivos, e ajudam a regenerar a flora intestinal.<\/p>\n<p>Como consequ\u00eancia deste processo dificulta-se a sobreviv\u00eancia de microorganismos que n\u00e3o s\u00e3o ben\u00e9ficos para a sa\u00fade. Al\u00e9m do mais o f\u00f3sforo, o c\u00e1lcio e as prote\u00ednas do leite passam a ser muito mais digestas.<\/p>\n<p><strong>Mas de verdade que estes produtos cont\u00eam microorganismos vivos?<\/strong><\/p>\n<p>Os probi\u00f3ticos s\u00e3o esses microorganismos vivos que consumidos em doses recomendadas s\u00e3o ben\u00e9ficos para a sa\u00fade. Os leites fermentados cont\u00eam estes microorganismos.<\/p>\n<p>Os seus principais benef\u00edcios s\u00e3o ajudar a recompor a flora intestinal, por isso recomenda-se quando est\u00e1 a tomar medica\u00e7\u00f5es pesadas para o est\u00f4mago, ou quando tem o abdom\u00e9n inchado ou diarreia.<\/p>\n<p>Estes microorganismos estar\u00e3o activos at\u00e9 \u00e0 data que se indica no produto, por isso \u00e9 recomendado, como em todos os produtos aliment\u00edcios olhar a data de validade.<\/p>\n<p><b>E al\u00e9m disso leva peda\u00e7os de morango<\/b><\/p>\n<p>A todos os benef\u00edcios deste produto l\u00e1cteo, adicion\u00e1mos peda\u00e7os de morango que fornecem os seus pr\u00f3prios nutrientes e fazem com que o leite fermentado esteja delicioso.<\/p>\n<p>O morango \u00e9 muito rico em vitamina C e fortalece o nosso organismo gra\u00e7as aos seus antioxidantes. \u00c9 tamb\u00e9m depurativo, anti-inflamat\u00f3rio e o \u00e1cido c\u00edtrico que lhe fornece a vitamina C em um excelente desinfectante.<\/p>\n","protected":false},"author":19,"featured_media":13446,"template":"","meta":[],"product_brand":[],"product_cat":[296,318],"product_tag":[],"class_list":{"0":"post-8287","1":"product","2":"type-product","3":"status-publish","4":"has-post-thumbnail","6":"product_cat-yogures-y-postres-preparados","7":"product_cat-desnatados","9":"first","10":"instock","11":"shipping-taxable","12":"product-type-simple"},"_links":{"self":[{"href":"https:\/\/productos.coviran.es\/pt-pt\/wp-json\/wp\/v2\/product\/8287","targetHints":{"allow":["GET"]}}],"collection":[{"href":"https:\/\/productos.coviran.es\/pt-pt\/wp-json\/wp\/v2\/product"}],"about":[{"href":"https:\/\/productos.coviran.es\/pt-pt\/wp-json\/wp\/v2\/types\/product"}],"author":[{"embeddable":true,"href":"https:\/\/productos.coviran.es\/pt-pt\/wp-json\/wp\/v2\/users\/19"}],"wp:featuredmedia":[{"embeddable":true,"href":"https:\/\/productos.coviran.es\/pt-pt\/wp-json\/wp\/v2\/media\/13446"}],"wp:attachment":[{"href":"https:\/\/productos.coviran.es\/pt-pt\/wp-json\/wp\/v2\/media?parent=8287"}],"wp:term":[{"taxonomy":"product_brand","embeddable":true,"href":"https:\/\/productos.coviran.es\/pt-pt\/wp-json\/wp\/v2\/product_brand?post=8287"},{"taxonomy":"product_cat","embeddable":true,"href":"https:\/\/productos.coviran.es\/pt-pt\/wp-json\/wp\/v2\/product_cat?post=8287"},{"taxonomy":"product_tag","embeddable":true,"href":"https:\/\/productos.coviran.es\/pt-pt\/wp-json\/wp\/v2\/product_tag?post=8287"}],"curies":[{"name":"wp","href":"https:\/\/api.w.org\/{rel}","templated":true}]}}