{"id":9934,"date":"2023-04-05T16:46:54","date_gmt":"2023-04-05T16:46:54","guid":{"rendered":"https:\/\/productos.coviran.es\/?post_type=product&#038;p=9934"},"modified":"2023-04-10T12:31:33","modified_gmt":"2023-04-10T12:31:33","slug":"gel-cereza-coviran","status":"publish","type":"product","link":"https:\/\/productos.coviran.es\/pt-pt\/producto\/gel-cereza-coviran\/","title":{"rendered":"Gel Cereza Coviran"},"content":{"rendered":"<div class=\"wpb-content-wrapper\"><p>[vc_row][vc_column][vc_text_separator title=&#8221;Descri\u00e7\u00e3o e Caracter\u00edsticas&#8221; title_align=&#8221;separator_align_left&#8221;][vc_column_text]O gel de banho cereja combina extractos de frutas tropicais e aroma de cereja que d\u00e1 um suave e agrad\u00e1vel perfume \u00e0 pele. Formulado especialmente para dar \u00e0 pele um toque suave e doce depois do banho.[\/vc_column_text][\/vc_column][\/vc_row][vc_row][vc_column][vc_text_separator title=&#8221;Dados de fabricante&#8221; title_align=&#8221;separator_align_left&#8221; align=&#8221;align_right&#8221; border_width=&#8221;2&#8243; el_class=&#8221;separador-producto&#8221;][vc_column_text]<\/p>\n<table width=\"544\">\n<tbody>\n<tr>\n<td width=\"278\">Nome do fabricante<\/td>\n<td width=\"266\">Perseida Belleza, S.L<\/td>\n<\/tr>\n<tr>\n<td>Lugar de Produ\u00e7\u00e3o<\/td>\n<td>ESPANHA<\/td>\n<\/tr>\n<\/tbody>\n<\/table>\n<p>Certificados, ISO, GMP, BOAS PR\u00c1TICAS QUALIDADE E PROCESSO IFS[\/vc_column_text][\/vc_column][\/vc_row][vc_row][vc_column][vc_text_separator title=&#8221;Destino final previsto para o produto&#8221; title_align=&#8221;separator_align_left&#8221; align=&#8221;align_right&#8221; border_width=&#8221;2&#8243; el_class=&#8221;separador-producto&#8221;][vc_column_text]Uso diario de toda a fam\u00edlia.[\/vc_column_text][\/vc_column][\/vc_row][vc_row][vc_column][vc_text_separator title=&#8221;Substancias alerg\u00e9nicas que cont\u00e9m&#8221; title_align=&#8221;separator_align_left&#8221; align=&#8221;align_right&#8221; border_width=&#8221;2&#8243; el_class=&#8221;separador-producto&#8221;][vc_column_text]AMYL CINNAMAL, AMYLCINNAMYL ALCOHOL, BENZYL CINNAMATE, CINNAMYL ALCOHOL, CITRAL, LIMONENE, HEXYL CINNAMAL, LINALOOL.[\/vc_column_text][\/vc_column][\/vc_row][vc_row][vc_column][vc_text_separator title=&#8221;Precaucoes \/advertencias de seguran\u00e7a&#8221; title_align=&#8221;separator_align_left&#8221; align=&#8221;align_right&#8221; border_width=&#8221;2&#8243; el_class=&#8221;separador-producto&#8221;][vc_column_text]Uso externo, nao ingerir, evitar o contacto com os olhos, se ocorrer enxaguar imediatamente com \u00e1gua abundante. Manter fora do alcance das crian\u00e7as. Nao usar em crian\u00e7as menores de tres anos.[\/vc_column_text][\/vc_column][\/vc_row][vc_row][vc_column][vc_text_separator title=&#8221;Condicoes de conserva\u00e7ao&#8221; title_align=&#8221;separator_align_left&#8221; align=&#8221;align_right&#8221; border_width=&#8221;2&#8243; el_class=&#8221;separador-producto&#8221;][vc_column_text]Preservar da luz directa do sol e temperaturas extremas.[\/vc_column_text][\/vc_column][\/vc_row]<\/p>\n<\/div>","protected":false},"excerpt":{"rendered":"<p><strong>Gel de cereja COVIRAN, ideal para iniciar-se na aromaterapia<\/strong><\/p>\n<p>Est\u00e1 num momento muito <em>zen <\/em>da sua vida, est\u00e1 a experimentar o yoga, a medita\u00e7ao e est\u00e1 a pensar em averiguar que \u00e9 isso da aromaterapia. Dizeram-lhe\u00a0 que os g\u00e9is de aromas sao boa idea para comprovar se \u00e9 para si\u2026 Atreva-se a comprov\u00e1-lo\u00a0 con gel de cereja COVIRAN!<\/p>\n<p>&nbsp;<\/p>\n<p><strong>A aromaterapia, que \u00e9?<\/strong><\/p>\n<p>A aromaterapia \u00e9 uma forma de cuidado da sa\u00fade que se baseia na utiliza\u00e7ao dos \u00f3leos essenciais.<\/p>\n<p>O uso da parte odor\u00edfera das plantas nao \u00e9 novidade, nos documentos do Antigo Egipto descreve-se\u00a0 como preparar produtos medicinais com \u00f3leos essenciais. Os amuletos odor\u00edferos e o incenso t\u00eam registados usos medicinais na Idade M\u00e9dia.<\/p>\n<p>Em finais do s\u00e9culo XX voltou-se a usar muito os \u00f3leos essenciais com prop\u00f3sitos curativos ou preventivos.<\/p>\n<p>No caso dos\u00a0 geis arom\u00e1ticos, o odor que liberta a composi\u00e7ao de ess\u00eancias naturais ao ser absorvidas pela pele produz efeitos revigorantes e estimulantes sobre o organismo, criando a sensacao de bem estar e relaxamento.<\/p>\n<p><strong>Ess\u00eancias naturais\u00a0<\/strong><\/p>\n<p>O gel de cereja COVIRAN est\u00e1 formulado a partir de extractos de frutas tropicais e aroma de cereja para dar suavidade e perfume agrad\u00e1vel \u00e0 pele.<\/p>\n<p>Os extractos de frutas tropicais contam com propriedades neuroprotectoras e antioxidantes.<\/p>\n<p>O aroma frutado da cereja \u00e9 doce com alguma nota amarga, e como todo o aroma frutado recorda-nos a pr\u00f3pria fruta.<\/p>\n<p>&nbsp;<\/p>\n<p>Disfruta da aromaterapia com gel de cereja COVIRAN!<\/p>\n<p>&nbsp;<\/p>\n<table width=\"544\">\n<tbody>\n<tr>\n<td width=\"278\">C\u00f3digo Artigo<\/td>\n<td width=\"266\">465483<\/td>\n<\/tr>\n<tr>\n<td>EAN<\/td>\n<td>8422823654833<\/td>\n<\/tr>\n<\/tbody>\n<\/table>\n<p>&nbsp;<\/p>\n","protected":false},"author":19,"featured_media":9778,"template":"","meta":[],"product_brand":[],"product_cat":[171,202],"product_tag":[],"class_list":{"0":"post-9934","1":"product","2":"type-product","3":"status-publish","4":"has-post-thumbnail","6":"product_cat-higiene-corporal","7":"product_cat-gel-y-jabon-liquido","9":"first","10":"instock","11":"shipping-taxable","12":"product-type-simple"},"_links":{"self":[{"href":"https:\/\/productos.coviran.es\/pt-pt\/wp-json\/wp\/v2\/product\/9934","targetHints":{"allow":["GET"]}}],"collection":[{"href":"https:\/\/productos.coviran.es\/pt-pt\/wp-json\/wp\/v2\/product"}],"about":[{"href":"https:\/\/productos.coviran.es\/pt-pt\/wp-json\/wp\/v2\/types\/product"}],"author":[{"embeddable":true,"href":"https:\/\/productos.coviran.es\/pt-pt\/wp-json\/wp\/v2\/users\/19"}],"wp:featuredmedia":[{"embeddable":true,"href":"https:\/\/productos.coviran.es\/pt-pt\/wp-json\/wp\/v2\/media\/9778"}],"wp:attachment":[{"href":"https:\/\/productos.coviran.es\/pt-pt\/wp-json\/wp\/v2\/media?parent=9934"}],"wp:term":[{"taxonomy":"product_brand","embeddable":true,"href":"https:\/\/productos.coviran.es\/pt-pt\/wp-json\/wp\/v2\/product_brand?post=9934"},{"taxonomy":"product_cat","embeddable":true,"href":"https:\/\/productos.coviran.es\/pt-pt\/wp-json\/wp\/v2\/product_cat?post=9934"},{"taxonomy":"product_tag","embeddable":true,"href":"https:\/\/productos.coviran.es\/pt-pt\/wp-json\/wp\/v2\/product_tag?post=9934"}],"curies":[{"name":"wp","href":"https:\/\/api.w.org\/{rel}","templated":true}]}}